{"id":10,"date":"2010-04-23T15:51:44","date_gmt":"2010-04-23T13:51:44","guid":{"rendered":"http:\/\/www.gcisalud.com\/?page_id=10"},"modified":"2014-09-16T11:23:11","modified_gmt":"2014-09-16T09:23:11","slug":"clientes","status":"publish","type":"page","link":"https:\/\/www.gcisalud.com\/index.php\/clientes\/","title":{"rendered":"Clientes"},"content":{"rendered":"<table border=\"0\" width=\"100%\">\n<tbody>\n<tr>\n<td valign=\"top\"><strong>Consultor\u00eda<\/strong><\/p>\n<p>&nbsp;<\/p>\n<p>Organismos Financiadores<\/p>\n<ul>\n<li>Banco Mundial (BM)<\/li>\n<li>Banco Interamericano de Desarrollo (BID)<\/li>\n<li>Banco Centroamericano de Integraci\u00f3n Econ\u00f3mica (BCIE)<\/li>\n<li>Secretar\u00eda de la Integraci\u00f3n Social Centroamericana (SISCA)<\/li>\n<li>Uni\u00f3n Europea<\/li>\n<li>Ministerio de Econom\u00eda y Hacienda de Espa\u00f1a<\/li>\n<li>Agencia Espa\u00f1ola de Cooperaci\u00f3n Internacional para el Desarrollo<\/li>\n<\/ul>\n<p>&nbsp;<\/p>\n<p>Ministerios<\/p>\n<ul>\n<li>Ministerio de Salud de Mozambique<\/li>\n<li>Ministerio de Salud y Seguridad Social de Bolivia<\/li>\n<li>Ministerio de Salud P\u00fablica de Bulgaria<\/li>\n<li>Ministerio de Salud y Bienestar Social de Hungr\u00eda<\/li>\n<li>Ministerio de Salud de Macedonia<\/li>\n<li>Ministerio de Salud y Bienestar Social de Paraguay<\/li>\n<li>Ministerio de Salud y Acci\u00f3n Social de Argentina<\/li>\n<li>Ministerio de Salud de Panam\u00e1<\/li>\n<li>Ministerio de Salud de El Salvador<\/li>\n<\/ul>\n<p>&nbsp;<\/p>\n<p>Otros<\/p>\n<ul>\n<li>Instituto Nicarag\u00fcense de Seguridad Social<\/li>\n<li>Superintendencia de Pensiones de Nicaragua<\/li>\n<li>Superintendencia de Valores, El Salvador<\/li>\n<li>Superintendencia de Finanzas, El Salvador<\/li>\n<li>Facultad de Medicina, Universidad de El Salvador<\/li>\n<li>Comisi\u00f3n Presidencial para la Modernizaci\u00f3n del Sector P\u00fablico, El Salvador<\/li>\n<li>Instituto Hondure\u00f1o de Seguridad Social<\/li>\n<li>Direcci\u00f3n General de Regulaci\u00f3n Sanitaria, Secretar\u00eda de Salud de Honduras<\/li>\n<li>Gobernaci\u00f3n del Distrito Federal de Caracas, Venezuela<\/li>\n<li>Banco de Sangre de Venezuela<\/li>\n<li>Ayuntamiento de Madrid, Espa\u00f1a<\/li>\n<li>Universidad de Valladolid. IOBA. Espa\u00f1a<\/li>\n<\/ul>\n<p>&nbsp;<\/p>\n<p>Hospitales<\/p>\n<ul>\n<li>Hospital J.M. de los R\u00edos de Caracas, Venezuela<\/li>\n<li>Hospital Ortop\u00e9dico Infantil de Caracas, Venezuela<\/li>\n<li>Hospital Isidoro Iriarte de Quilmes, Argentina<\/li>\n<li>Hospital de San Fernando, Argentina<\/li>\n<li>Hospital General de Manila, Filipinas<\/li>\n<li>Hospital de Santa Ana, Bulgaria<\/li>\n<\/ul>\n<\/td>\n<td valign=\"top\"><strong>Cooperaci\u00f3n al desarrollo<\/strong><\/p>\n<p>&nbsp;<\/p>\n<p>Organismos Financiadores.<\/p>\n<ul>\n<li>Agencia Espa\u00f1ola de Cooperaci\u00f3n Internacional para el Desarrollo (AECID)<\/li>\n<li>Junta de Comunidades Castilla-La Mancha (JCCLM)<\/li>\n<li>Agencia Catalana de Cooperaci\u00f3n al Desarrollo (ACCD)<\/li>\n<li>Agencia Vasca de Cooperaci\u00f3n al Desarrollo (AVCD)<\/li>\n<li>Agencia Andaluza de Cooperaci\u00f3n Internacional para el Desarrollo (AACID)<\/li>\n<li>Comunidad Aut\u00f3noma de Madrid (CAM)<\/li>\n<li>Gobierno Balear<\/li>\n<li>Obra Social La Caixa<\/li>\n<li>Generalitat Valenciana<\/li>\n<li>Agencia de Cooperaci\u00f3n Suiza &#8211; COSUDE<\/li>\n<li>ECHO \u2013 Ayuda Humanitaria de la Comisi\u00f3n Europea<\/li>\n<li>Ayuntamiento de Madrid<\/li>\n<\/ul>\n<p>&nbsp;<\/p>\n<p>Organizaciones No Gubernamentales y Fundaciones<\/p>\n<ul>\n<li>M\u00e9dicos del Mundo<\/li>\n<li>Cruz Roja Espa\u00f1ola<\/li>\n<li>Ayuda en Acci\u00f3n<\/li>\n<li>Medicus Mundi Illes Balears<\/li>\n<li>Medicus Mundi Bizkaia<\/li>\n<li>Medicus Mundi Arag\u00f3n<\/li>\n<li>Cooperaci\u00f3n Internacional<\/li>\n<li>Acci\u00f3n Contra el Hambre<\/li>\n<li>Mundubat<\/li>\n<li>Plan Espa\u00f1a<\/li>\n<li>Save the Children<\/li>\n<li>Solidaridad Internacional<\/li>\n<li>InteRed Intercambio y Solidaridad<\/li>\n<li>Rescate Internacional<\/li>\n<li>Solidarios para el Desarrollo<\/li>\n<li>Fundaci\u00f3n Codespa<\/li>\n<li>Fundaci\u00f3n Entreculturas<\/li>\n<li>Fundaci\u00f3n Anesvad<\/li>\n<li>Fundaci\u00f3n para el Desarrollo de la Enfermer\u00eda (FUDEN)<\/li>\n<li>Fundaci\u00f3n Promoci\u00f3n Social de la Cultura (FPSC)<\/li>\n<li>Fundaci\u00f3n del Valle<\/li>\n<li>Fundaci\u00f3n Fontilles<\/li>\n<li>Fundaci\u00f3n Albihar<\/li>\n<\/ul>\n<\/td>\n<\/tr>\n<\/tbody>\n<\/table>\n","protected":false},"excerpt":{"rendered":"<p>Consultor\u00eda &nbsp; Organismos Financiadores Banco Mundial (BM) Banco Interamericano de Desarrollo (BID) Banco Centroamericano de Integraci\u00f3n Econ\u00f3mica (BCIE) Secretar\u00eda de la Integraci\u00f3n Social Centroamericana (SISCA) Uni\u00f3n Europea Ministerio de Econom\u00eda y Hacienda de Espa\u00f1a Agencia Espa\u00f1ola de Cooperaci\u00f3n Internacional para el Desarrollo &nbsp; Ministerios Ministerio de Salud de Mozambique Ministerio de Salud y Seguridad Social [&hellip;]<\/p>\n","protected":false},"author":1,"featured_media":0,"parent":0,"menu_order":0,"comment_status":"closed","ping_status":"closed","template":"","meta":[],"_links":{"self":[{"href":"https:\/\/www.gcisalud.com\/index.php\/wp-json\/wp\/v2\/pages\/10"}],"collection":[{"href":"https:\/\/www.gcisalud.com\/index.php\/wp-json\/wp\/v2\/pages"}],"about":[{"href":"https:\/\/www.gcisalud.com\/index.php\/wp-json\/wp\/v2\/types\/page"}],"author":[{"embeddable":true,"href":"https:\/\/www.gcisalud.com\/index.php\/wp-json\/wp\/v2\/users\/1"}],"replies":[{"embeddable":true,"href":"https:\/\/www.gcisalud.com\/index.php\/wp-json\/wp\/v2\/comments?post=10"}],"version-history":[{"count":5,"href":"https:\/\/www.gcisalud.com\/index.php\/wp-json\/wp\/v2\/pages\/10\/revisions"}],"predecessor-version":[{"id":204,"href":"https:\/\/www.gcisalud.com\/index.php\/wp-json\/wp\/v2\/pages\/10\/revisions\/204"}],"wp:attachment":[{"href":"https:\/\/www.gcisalud.com\/index.php\/wp-json\/wp\/v2\/media?parent=10"}],"curies":[{"name":"wp","href":"https:\/\/api.w.org\/{rel}","templated":true}]}}