{"id":152,"date":"2014-09-15T18:35:24","date_gmt":"2014-09-15T16:35:24","guid":{"rendered":"http:\/\/www.gcisalud.com\/?page_id=152"},"modified":"2014-09-18T12:23:11","modified_gmt":"2014-09-18T10:23:11","slug":"consultoria","status":"publish","type":"page","link":"https:\/\/www.gcisalud.com\/index.php\/servicios-y-areas-de-trabajo\/consultoria\/","title":{"rendered":"Consultor\u00eda"},"content":{"rendered":"<p>La consultor\u00eda cada d\u00eda es m\u00e1s exigente. Nuestros proyectos responden a diversidad de necesidades y combinan especialidades y \u00e1reas de trabajo. En este contexto ofrecemos:<\/p>\n<ul>\n<li>Amplia experiencia en Proyectos de Modernizaci\u00f3n del Sector Social.<\/li>\n<li>20 a\u00f1os de experiencia de trabajos en m\u00e1s de 25 pa\u00edses<\/li>\n<li>Gran conocimiento del contexto y de las necesidades reales de la poblaci\u00f3n beneficiaria.<\/li>\n<li>Equipo humano que combina conocimientos sectoriales, necesidades locales y conocimientos metodol\u00f3gicos, como factor clave para alcanzar un \u00f3ptimo trabajo.<\/li>\n<li>Incorporaci\u00f3n de expertos locales en todas sus intervenciones, gracias a una amplia red de colaboradores en diferentes especialidades y pa\u00edses.<\/li>\n<li>Profundo conocimiento de los procesos de licitaci\u00f3n, negociaci\u00f3n y ejecuci\u00f3n de proyectos financiados por los organismos multilaterales, bilaterales y nacionales.<br \/>\n<img loading=\"lazy\" class=\"aligncenter wp-image-168 size-full\" src=\"http:\/\/www.gcisalud.com\/wp-content\/uploads\/mapa-mundi.jpg\" alt=\"mapa-mundi\" width=\"600\" height=\"450\" srcset=\"https:\/\/www.gcisalud.com\/wp-content\/uploads\/mapa-mundi.jpg 600w, https:\/\/www.gcisalud.com\/wp-content\/uploads\/mapa-mundi-300x225.jpg 300w\" sizes=\"(max-width: 600px) 100vw, 600px\" \/><\/li>\n<\/ul>\n","protected":false},"excerpt":{"rendered":"<p>La consultor\u00eda cada d\u00eda es m\u00e1s exigente. Nuestros proyectos responden a diversidad de necesidades y combinan especialidades y \u00e1reas de trabajo. En este contexto ofrecemos: Amplia experiencia en Proyectos de Modernizaci\u00f3n del Sector Social. 20 a\u00f1os de experiencia de trabajos en m\u00e1s de 25 pa\u00edses Gran conocimiento del contexto y de las necesidades reales de [&hellip;]<\/p>\n","protected":false},"author":1,"featured_media":0,"parent":154,"menu_order":0,"comment_status":"closed","ping_status":"closed","template":"","meta":[],"_links":{"self":[{"href":"https:\/\/www.gcisalud.com\/index.php\/wp-json\/wp\/v2\/pages\/152"}],"collection":[{"href":"https:\/\/www.gcisalud.com\/index.php\/wp-json\/wp\/v2\/pages"}],"about":[{"href":"https:\/\/www.gcisalud.com\/index.php\/wp-json\/wp\/v2\/types\/page"}],"author":[{"embeddable":true,"href":"https:\/\/www.gcisalud.com\/index.php\/wp-json\/wp\/v2\/users\/1"}],"replies":[{"embeddable":true,"href":"https:\/\/www.gcisalud.com\/index.php\/wp-json\/wp\/v2\/comments?post=152"}],"version-history":[{"count":3,"href":"https:\/\/www.gcisalud.com\/index.php\/wp-json\/wp\/v2\/pages\/152\/revisions"}],"predecessor-version":[{"id":250,"href":"https:\/\/www.gcisalud.com\/index.php\/wp-json\/wp\/v2\/pages\/152\/revisions\/250"}],"up":[{"embeddable":true,"href":"https:\/\/www.gcisalud.com\/index.php\/wp-json\/wp\/v2\/pages\/154"}],"wp:attachment":[{"href":"https:\/\/www.gcisalud.com\/index.php\/wp-json\/wp\/v2\/media?parent=152"}],"curies":[{"name":"wp","href":"https:\/\/api.w.org\/{rel}","templated":true}]}}