{"id":156,"date":"2014-09-15T18:48:18","date_gmt":"2014-09-15T16:48:18","guid":{"rendered":"http:\/\/www.gcisalud.com\/?page_id=156"},"modified":"2014-09-18T11:37:44","modified_gmt":"2014-09-18T09:37:44","slug":"cooperacion-al-desarrollo","status":"publish","type":"page","link":"https:\/\/www.gcisalud.com\/index.php\/servicios-y-areas-de-trabajo\/cooperacion-al-desarrollo\/","title":{"rendered":"Cooperaci\u00f3n al Desarrollo"},"content":{"rendered":"<p>Trabajamos con ONGD y Fundaciones, aportando nuestra experiencia en este sector, en cada una de las diferentes fases del ciclo de los proyectos, desde la identificaci\u00f3n hasta la evaluaci\u00f3n t\u00e9cnica y financiera. Disponemos de una ampl\u00eda red de expertos internacionales y locales en diferentes disciplinas en m\u00e1s de 20 pa\u00edses.<\/p>\n<p>Los principios de actuaci\u00f3n de GCI se resumen en:<\/p>\n<ul>\n<li>Aplicar soluciones con una visi\u00f3n integrada de la cadena de valor.<\/li>\n<li>Tenemos muy presentes los criterios de apropiaci\u00f3n, alineamiento y participaci\u00f3n.<\/li>\n<li>Ofrecer soluciones pr\u00e1cticas y sostenibles, ajustadas a la realidad de la zona de intervenci\u00f3n.<\/li>\n<li>Participaci\u00f3n de equipos multidisciplinares que complementan conocimientos sectoriales, metodol\u00f3gicos y de contexto.<\/li>\n<li>Incorporaci\u00f3n del enfoque de derechos.<\/li>\n<\/ul>\n<p><img loading=\"lazy\" class=\"aligncenter size-full wp-image-242\" src=\"http:\/\/www.gcisalud.com\/wp-content\/uploads\/Mapa-mundi-manos.jpg\" alt=\"\" width=\"871\" height=\"551\" srcset=\"https:\/\/www.gcisalud.com\/wp-content\/uploads\/Mapa-mundi-manos.jpg 871w, https:\/\/www.gcisalud.com\/wp-content\/uploads\/Mapa-mundi-manos-300x189.jpg 300w\" sizes=\"(max-width: 871px) 100vw, 871px\" \/><\/p>\n","protected":false},"excerpt":{"rendered":"<p>Trabajamos con ONGD y Fundaciones, aportando nuestra experiencia en este sector, en cada una de las diferentes fases del ciclo de los proyectos, desde la identificaci\u00f3n hasta la evaluaci\u00f3n t\u00e9cnica y financiera. Disponemos de una ampl\u00eda red de expertos internacionales y locales en diferentes disciplinas en m\u00e1s de 20 pa\u00edses. Los principios de actuaci\u00f3n de [&hellip;]<\/p>\n","protected":false},"author":1,"featured_media":0,"parent":154,"menu_order":1,"comment_status":"closed","ping_status":"closed","template":"","meta":[],"_links":{"self":[{"href":"https:\/\/www.gcisalud.com\/index.php\/wp-json\/wp\/v2\/pages\/156"}],"collection":[{"href":"https:\/\/www.gcisalud.com\/index.php\/wp-json\/wp\/v2\/pages"}],"about":[{"href":"https:\/\/www.gcisalud.com\/index.php\/wp-json\/wp\/v2\/types\/page"}],"author":[{"embeddable":true,"href":"https:\/\/www.gcisalud.com\/index.php\/wp-json\/wp\/v2\/users\/1"}],"replies":[{"embeddable":true,"href":"https:\/\/www.gcisalud.com\/index.php\/wp-json\/wp\/v2\/comments?post=156"}],"version-history":[{"count":4,"href":"https:\/\/www.gcisalud.com\/index.php\/wp-json\/wp\/v2\/pages\/156\/revisions"}],"predecessor-version":[{"id":244,"href":"https:\/\/www.gcisalud.com\/index.php\/wp-json\/wp\/v2\/pages\/156\/revisions\/244"}],"up":[{"embeddable":true,"href":"https:\/\/www.gcisalud.com\/index.php\/wp-json\/wp\/v2\/pages\/154"}],"wp:attachment":[{"href":"https:\/\/www.gcisalud.com\/index.php\/wp-json\/wp\/v2\/media?parent=156"}],"curies":[{"name":"wp","href":"https:\/\/api.w.org\/{rel}","templated":true}]}}