{"id":177,"date":"2014-09-16T09:43:16","date_gmt":"2014-09-16T07:43:16","guid":{"rendered":"http:\/\/www.gcisalud.com\/?page_id=177"},"modified":"2014-09-18T12:20:40","modified_gmt":"2014-09-18T10:20:40","slug":"centroamerica","status":"publish","type":"page","link":"https:\/\/www.gcisalud.com\/index.php\/servicios-y-areas-de-trabajo\/cooperacion-al-desarrollo\/centroamerica\/","title":{"rendered":"Am\u00e9rica Central"},"content":{"rendered":"<table class=\"table_paises\" width=\"100%\">\n<tbody>\n<tr>\n<td width=\"84\"><strong>Pa\u00eds<\/strong><\/td>\n<td width=\"85\"><strong>Financiador<\/strong><\/td>\n<td width=\"99\"><strong>Tipo<\/strong><\/td>\n<td width=\"200\"><strong>T\u00edtulo<\/strong><\/td>\n<td width=\"231\"><strong>Sectores\/Subsectores\/Resultados<\/strong><\/td>\n<\/tr>\n<tr>\n<td rowspan=\"3\" width=\"84\">El Salvador, Honduras, Nicaragua y Guatemala<\/td>\n<td rowspan=\"3\" width=\"85\">AECID<\/td>\n<td width=\"99\">Intermedia \/ Convenio<\/td>\n<td width=\"200\">Apoyo a la integraci\u00f3n econ\u00f3mica de mujeres en situaci\u00f3n de marginaci\u00f3n mediante la capacitaci\u00f3n, la generaci\u00f3n de ingresos regulares y la inserci\u00f3n laboral. Se desarrollar\u00e1 en al menos tres pa\u00edses prioritarios de Centroam\u00e9rica<\/td>\n<td width=\"231\">Educaci\u00f3n secundaria<br \/>\nFormaci\u00f3n \u00a0 profesional<br \/>\nEmpresas y Otros Servicios<br \/>\nServicios empresariales<br \/>\nG\u00e9nero y desarrollo<\/td>\n<\/tr>\n<tr>\n<td width=\"99\">Final \/ Convenio<\/td>\n<td width=\"200\">Fortalecimiento de sistemas p\u00fablicos de salud y desarrollo en el nivel descentralizado, con especial incidencia en materia de salud sexual y reproductiva<\/td>\n<td width=\"231\">Salud b\u00e1sica<br \/>\nInfraestructura sanitaria b\u00e1sica<br \/>\nFormaci\u00f3n personal sanitario<br \/>\nProgramas\/pol\u00edticas sobre poblaci\u00f3n y salud reproductiva<br \/>\nAbastecimiento y depuraci\u00f3n de agua<\/td>\n<\/tr>\n<tr>\n<td width=\"99\">Intermedia \/ Convenio<\/td>\n<td width=\"200\">Fortalecimiento de sistemas p\u00fablicos de salud y desarrollo en el nivel descentralizado, con especial incidencia en materia de salud sexual y reproductiva<\/td>\n<td width=\"231\">Salud b\u00e1sica<br \/>\nInfraestructura sanitaria b\u00e1sica<br \/>\nFormaci\u00f3n personal sanitario<br \/>\nProgramas\/pol\u00edticas sobre poblaci\u00f3n y salud reproductiva<br \/>\nAbastecimiento y depuraci\u00f3n de agua<\/td>\n<\/tr>\n<tr>\n<td width=\"84\">Hait\u00ed<\/td>\n<td width=\"85\">AECID<\/td>\n<td width=\"99\">Final \/ Proyecto<\/td>\n<td width=\"200\">Rehabilitaci\u00f3n de la red de servicios de SSR y salud en menores de 5 a\u00f1os en la regi\u00f3n de Petit Goave tras el terremoto de Hait\u00ed<\/td>\n<td width=\"231\">Atenci\u00f3n Salud Reproductiva<br \/>\nAyuda para la Reconstrucci\u00f3n<br \/>\nAtenci\u00f3n Sanitaria B\u00e1sica<br \/>\nEducaci\u00f3n Sanitaria Formaci\u00f3n Personal Sanitario<\/td>\n<\/tr>\n<tr>\n<td rowspan=\"4\" width=\"84\">Guatemala<\/td>\n<td rowspan=\"2\" width=\"85\">AECID<\/td>\n<td width=\"99\">Final \/ Proyecto<\/td>\n<td width=\"200\">Mejora de la Alfabetizaci\u00f3n de Mujeres Ind\u00edgenas en Solol\u00e1<\/td>\n<td width=\"231\">Educaci\u00f3n<\/td>\n<\/tr>\n<tr>\n<td width=\"99\">Final \/ Proyecto<\/td>\n<td width=\"200\">Atenci\u00f3n integral de la mujer en el departamento de Alta Verapaz con \u00e9nfasis en la reducci\u00f3n de la mortalidad materna y en los municipios del Valle bajo del Polochic<\/td>\n<td width=\"231\">Fortalecimiento de capacidad t\u00e9cnica y gesti\u00f3n del personal del MSPAS, con pertinencia cultural y enfoque g\u00e9nero.<br \/>\nIncidencia para el fortalecimiento de agentes comunitarios de salud.<br \/>\nFortalecimiento de organizaci\u00f3n comunitaria en salud.<br \/>\nSensibilizaci\u00f3n de poblaci\u00f3n en general en tema de salud de la mujer.<\/td>\n<\/tr>\n<tr>\n<td width=\"85\">La Caixa<\/td>\n<td width=\"99\">Final \/ Proyecto<\/td>\n<td width=\"200\">Nimsamaj para el Desarrollo Local con Equidad en Solol\u00e1<\/td>\n<td width=\"231\">Desarrollo econ\u00f3mico local del municipio con equidad de g\u00e9nero y garant\u00eda de sostenibilidad territorial.<br \/>\nIniciativas de emprendimiento econ\u00f3mico de las mujeres del municipio tienen perspectivas de sostenibilidad y crecimiento.<\/td>\n<\/tr>\n<tr>\n<td width=\"85\">Generalitat Valenciana<\/td>\n<td width=\"99\">Intermedia \/ Proyecto<\/td>\n<td width=\"200\">Fortalecimiento en sistemas de Agua y Saneamiento en 19 comunidades ind\u00edgenas de San Pedro Carch\u00e1<\/td>\n<td width=\"231\">Abastecimiento de agua potable y saneamiento b\u00e1sico\u2013sistemas menores.<br \/>\nEducaci\u00f3n y formaci\u00f3n abastecimiento de agua y saneamiento<br \/>\nFortalecimiento sociedad civil<\/td>\n<\/tr>\n<tr>\n<td rowspan=\"4\" width=\"84\">Nicaragua<\/td>\n<td width=\"85\">ONG<\/td>\n<td width=\"99\">Intermedia \/ Proyecto<\/td>\n<td width=\"200\">Mejora de la atenci\u00f3n primaria en salud, y prevenci\u00f3n de la violencia hacia la mujer, adolescentes y ni\u00f1os\/as en los Municipios del CU\u00c1 y de La DALI<\/td>\n<td width=\"231\">Mortalidad Materna Perinatal<br \/>\nViolencia Intrafamiliar<br \/>\nDesnutrici\u00f3n infantil<br \/>\nEmbarazos en adolescentes<br \/>\nEnfermedades en la infancia<\/td>\n<\/tr>\n<tr>\n<td width=\"85\">ONG<\/td>\n<td width=\"99\">Sistematizaci\u00f3n<\/td>\n<td width=\"200\">Experiencias en Cooperaci\u00f3n Enfermera<\/td>\n<td width=\"231\">Impacto sobre las personas.<br \/>\nImpacto sobre estructuras y sistemas.<br \/>\nImpacto sobre el marco institucional<br \/>\nFormaci\u00f3n y profesionalizaci\u00f3n<br \/>\nEquipamiento cl\u00ednico<br \/>\nBrigadas m\u00e9dicas m\u00f3viles<br \/>\nVacaciones solidarias<\/td>\n<\/tr>\n<tr>\n<td width=\"85\">La Caixa<\/td>\n<td width=\"99\">Final \/ Proyecto<\/td>\n<td width=\"200\">Incremento de la capacidad de generaci\u00f3n de ingresos de 500 productores de escasos recursos de la zona de Jinotega, Matagalpa y Madriz a trav\u00e9s de la mejora productiva, ganadera y cafetalera, implantando pr\u00e1cticas amigables con el medio ambiente<\/td>\n<td width=\"231\">Producci\u00f3n ganadera y cafetalera<br \/>\nFormaci\u00f3n<br \/>\nFortalecimiento del papel de la mujer Calidad de productos agropecuarios<br \/>\nFondo rotatorio a trav\u00e9s del mecanismo de microleasing<\/td>\n<\/tr>\n<tr>\n<td width=\"85\">AECID<\/td>\n<td width=\"99\">Final \/ Proyecto<\/td>\n<td width=\"200\">Contribuir al acceso y a la mejora de la calidad educativa mediante acciones de alfabetizaci\u00f3n, educaci\u00f3n primaria y secundaria, capacitaci\u00f3n t\u00e9cnica y recreaci\u00f3n en 4 municipios<\/td>\n<td width=\"231\">Infraestructuras sociales y servicios.<br \/>\nEducaci\u00f3n<br \/>\nServicios e instalaciones educativas y formaci\u00f3n<br \/>\nFormaci\u00f3n de profesores<\/td>\n<\/tr>\n<tr>\n<td rowspan=\"4\" width=\"84\">Rep\u00fablica Dominicana<\/td>\n<td width=\"85\">Generalitat Valenciana<\/td>\n<td width=\"99\">Final \/ Proyecto<\/td>\n<td width=\"200\">Ampliaci\u00f3n de la Cobertura Asistencial de las Unidades de Atenci\u00f3n Primaria de Monte Plata<\/td>\n<td width=\"231\">Educaci\u00f3n Sanitaria<\/td>\n<\/tr>\n<tr>\n<td rowspan=\"2\" width=\"85\">Gobierno Balear<\/td>\n<td width=\"99\">Final \/ Proyecto<\/td>\n<td width=\"200\">Fortalecimiento de la estrategia de atenci\u00f3n primaria de salud en la provincia de Hato Mayor<\/td>\n<td width=\"231\">Salud b\u00e1sica de la poblaci\u00f3n en general<\/td>\n<\/tr>\n<tr>\n<td width=\"99\">Final \/ Proyecto<\/td>\n<td width=\"200\">Construcci\u00f3n de la Escuela de Cerro Lindo, Provincia de Altagracia<\/td>\n<td width=\"231\">Educaci\u00f3n infantil<br \/>\nMejora de infraestructuras<\/td>\n<\/tr>\n<tr>\n<td width=\"85\">Uni\u00f3n Europea<\/td>\n<td width=\"99\">Final \/ Programa<\/td>\n<td width=\"200\">Reforzamiento del Sistema de Salud<\/td>\n<td width=\"231\">Fortalecimiento Institucional<\/td>\n<\/tr>\n<tr>\n<td rowspan=\"4\" width=\"84\">El Salvador<\/td>\n<td rowspan=\"2\" width=\"85\">AECID<\/td>\n<td width=\"99\">Final \/ Proyecto<\/td>\n<td width=\"200\">Mejora de la Atenci\u00f3n en Salud Sexual y reproductiva de la poblaci\u00f3n de La Uni\u00f3n<\/td>\n<td width=\"231\">Necesidades sociales b\u00e1sicas, sanidad<br \/>\nCapacitaci\u00f3n no formal poblaci\u00f3n adulta<br \/>\nFortalecimiento de la participaci\u00f3n social de organizaciones comunitarias<\/td>\n<\/tr>\n<tr>\n<td width=\"99\">Final \/ Proyecto<\/td>\n<td width=\"200\">Desarrollo Organizativo y Operativo del SIBASI Ahuachap\u00e1n<\/td>\n<td width=\"231\">Elaboraci\u00f3n de L\u00ednea de Base<br \/>\nEvaluaci\u00f3n de Procesos<\/td>\n<\/tr>\n<tr>\n<td width=\"85\">Banco Mundial<\/td>\n<td width=\"99\">Final \/ Programa<\/td>\n<td width=\"200\">Evaluaci\u00f3n de las Proveedoras (ONGs) y Equipos M\u00f3viles Institucionales de la Extensi\u00f3n de Cobertura de los Servicios de Salud<\/td>\n<td width=\"231\">Salud<br \/>\nFortalecimiento Institucional<\/td>\n<\/tr>\n<tr>\n<td width=\"85\">BID<\/td>\n<td width=\"99\">Final \/ Programa<\/td>\n<td width=\"200\">Apoyo a la Modernizaci\u00f3n del Ministerio de Salud P\u00fablica y Asistencia Social<\/td>\n<td width=\"231\">Salud<br \/>\nFortalecimiento Institucional<\/td>\n<\/tr>\n<tr>\n<td rowspan=\"6\" width=\"84\">Honduras<\/td>\n<td width=\"85\">ONG<\/td>\n<td width=\"99\">Dise\u00f1o de la Estrategia de Intervenci\u00f3n<\/td>\n<td width=\"200\">Elaboraci\u00f3n de una propuesta de estrategia de intervenci\u00f3n en materia de Atenci\u00f3n Primaria en Salud<\/td>\n<td width=\"231\">Elaboraci\u00f3n del perfil socio-sanitario nacional<br \/>\nDefinici\u00f3n de l\u00edneas estrat\u00e9gicas de intervenci\u00f3n en materia de salud comunitaria, de salud sexual y reproductiva, de salud materno-infantil y de prevenci\u00f3n y tratamiento de enfermedades tropicales desatendidas<br \/>\nIdentificaci\u00f3n de potenciales contrapartes locales<\/td>\n<\/tr>\n<tr>\n<td rowspan=\"2\" width=\"85\">Gobierno Vasco<\/td>\n<td width=\"99\">Sistematizaci\u00f3n<\/td>\n<td width=\"200\">Optimizando el Recurso Agua y creando condiciones para el saneamiento en la zona del Pantano en Puerto Cort\u00e9s<\/td>\n<td width=\"231\">Fortalecimiento organizativo comunitario<br \/>\nAtenci\u00f3n sanitaria y promoci\u00f3n de la salud<br \/>\nAbastecimiento y saneamiento<br \/>\nGesti\u00f3n de cuencas<\/td>\n<\/tr>\n<tr>\n<td width=\"99\">Final \/ Proyecto<\/td>\n<td width=\"200\">Mejorando la Salud. Optimizando nuestro recurso h\u00eddrico y el medioambiente en Puerto Cort\u00e9s<\/td>\n<td width=\"231\">Necesidades sociales prioritarias<br \/>\nAgua y Saneamiento<\/td>\n<\/tr>\n<tr>\n<td rowspan=\"3\" width=\"85\">AECID<\/td>\n<td width=\"99\">Intermedia del Convenio y Evaluaci\u00f3n en Tiempo Real (ETR)<\/td>\n<td width=\"200\">Respuesta ante emergencias, rehabilitaci\u00f3n temprana y agravamiento de crisis sostenidas, con \u00e9nfasis en protecci\u00f3n de ni\u00f1os y adolescentes, y componente de fortalecimiento de capacidades de la Organizaci\u00f3n (formaci\u00f3n) hasta un m\u00e1ximo de 2%<\/td>\n<td width=\"231\">Ayuda y servicios materiales de emergencia<br \/>\nAyuda a refugiados<br \/>\nAyuda alimentaria de emergencia<br \/>\nReconstrucci\u00f3n y rehabilitaci\u00f3n<\/td>\n<\/tr>\n<tr>\n<td width=\"99\">Final \/ Proyecto<\/td>\n<td width=\"200\">Mejora de las condiciones de vida de familias rurales de la zona Noroccidental de Honduras con el fortalecimiento de su capacidad productiva agr\u00edcola, la comercializaci\u00f3n de sus productos, su seguridad alimentar\u00eda y el establecimiento de un modelo de empresas mixtas<\/td>\n<td width=\"231\">Agricultura<br \/>\nProducci\u00f3n de alimentos<br \/>\nEducaci\u00f3n \/capacitaci\u00f3n agr\u00edcola<br \/>\nServicios financieros para agricultura<\/td>\n<\/tr>\n<tr>\n<td width=\"99\">Final \/ Proyecto<\/td>\n<td width=\"200\">Mejora de las condiciones de salud de la poblaci\u00f3n en regiones desfavorecidas de Honduras<\/td>\n<td width=\"231\">Adecuaci\u00f3n de las infraestructuras y el equipamiento b\u00e1sico de las unidades de salud<br \/>\nFormaci\u00f3n en salud reproductiva<br \/>\nFormaci\u00f3n de agentes comunitarios<br \/>\nFortalecimiento de organizaciones comunitarias<br \/>\nPromoci\u00f3n de la mujer<br \/>\nEducaci\u00f3n para la salud<\/td>\n<\/tr>\n<\/tbody>\n<\/table>\n<p><strong>\u00a0<\/strong><\/p>\n","protected":false},"excerpt":{"rendered":"<p>Pa\u00eds Financiador Tipo T\u00edtulo Sectores\/Subsectores\/Resultados El Salvador, Honduras, Nicaragua y Guatemala AECID Intermedia \/ Convenio Apoyo a la integraci\u00f3n econ\u00f3mica de mujeres en situaci\u00f3n de marginaci\u00f3n mediante la capacitaci\u00f3n, la generaci\u00f3n de ingresos regulares y la inserci\u00f3n laboral. Se desarrollar\u00e1 en al menos tres pa\u00edses prioritarios de Centroam\u00e9rica Educaci\u00f3n secundaria Formaci\u00f3n \u00a0 profesional Empresas y [&hellip;]<\/p>\n","protected":false},"author":1,"featured_media":0,"parent":156,"menu_order":0,"comment_status":"closed","ping_status":"closed","template":"","meta":[],"_links":{"self":[{"href":"https:\/\/www.gcisalud.com\/index.php\/wp-json\/wp\/v2\/pages\/177"}],"collection":[{"href":"https:\/\/www.gcisalud.com\/index.php\/wp-json\/wp\/v2\/pages"}],"about":[{"href":"https:\/\/www.gcisalud.com\/index.php\/wp-json\/wp\/v2\/types\/page"}],"author":[{"embeddable":true,"href":"https:\/\/www.gcisalud.com\/index.php\/wp-json\/wp\/v2\/users\/1"}],"replies":[{"embeddable":true,"href":"https:\/\/www.gcisalud.com\/index.php\/wp-json\/wp\/v2\/comments?post=177"}],"version-history":[{"count":8,"href":"https:\/\/www.gcisalud.com\/index.php\/wp-json\/wp\/v2\/pages\/177\/revisions"}],"predecessor-version":[{"id":249,"href":"https:\/\/www.gcisalud.com\/index.php\/wp-json\/wp\/v2\/pages\/177\/revisions\/249"}],"up":[{"embeddable":true,"href":"https:\/\/www.gcisalud.com\/index.php\/wp-json\/wp\/v2\/pages\/156"}],"wp:attachment":[{"href":"https:\/\/www.gcisalud.com\/index.php\/wp-json\/wp\/v2\/media?parent=177"}],"curies":[{"name":"wp","href":"https:\/\/api.w.org\/{rel}","templated":true}]}}