{"id":183,"date":"2014-09-16T09:46:25","date_gmt":"2014-09-16T07:46:25","guid":{"rendered":"http:\/\/www.gcisalud.com\/?page_id=183"},"modified":"2014-09-17T14:18:46","modified_gmt":"2014-09-17T12:18:46","slug":"africa","status":"publish","type":"page","link":"https:\/\/www.gcisalud.com\/index.php\/servicios-y-areas-de-trabajo\/cooperacion-al-desarrollo\/africa\/","title":{"rendered":"\u00c1frica"},"content":{"rendered":"<table width=\"100%\" class=\"table_paises\">\n<tbody>\n<tr>\n<td width=\"76\"><strong>Pa\u00eds<\/strong><\/td>\n<td width=\"86\"><strong>Financiador<\/strong><\/td>\n<td width=\"89\"><strong>Tipo<\/strong><\/td>\n<td width=\"241\"><strong>T\u00edtulo<\/strong><\/td>\n<td width=\"208\"><strong>Sectores\/Subsectores\/Resultados<\/strong><\/td>\n<\/tr>\n<tr>\n<td rowspan=\"7\" width=\"76\">Rep\u00fablica Democr\u00e1tica del Congo<\/td>\n<td rowspan=\"3\" width=\"86\">AACID<\/td>\n<td width=\"89\">Final \/ Proyecto<\/td>\n<td width=\"241\">Educaci\u00f3n de base y profesional para la infancia y chicas j\u00f3venes del barrio de Kimbanseke. Kinshasa<\/td>\n<td width=\"208\">Educaci\u00f3n b\u00e1sica<br \/>\nConstricci\u00f3n de escuelas<br \/>\nPromoci\u00f3n de la educaci\u00f3n infantil<\/p>\n<p>Formaci\u00f3n de j\u00f3venes y adultos<\/td>\n<\/tr>\n<tr>\n<td width=\"89\">Final \/ Proyecto<\/td>\n<td width=\"241\">Bilanga ya Mateya: formaci\u00f3n de formadores y formadoras en pedagog\u00eda activa 96\/2010<\/td>\n<td width=\"208\">Educaci\u00f3n b\u00e1sica<br \/>\nPromoci\u00f3n de la educaci\u00f3n infantil<br \/>\nMejora de programas de estudios<br \/>\nCapacitaci\u00f3n del profesorado<\/td>\n<\/tr>\n<tr>\n<td width=\"89\">Final \/ Proyecto<\/td>\n<td width=\"241\">Bilanga ya Mateya: formaci\u00f3n de formadores y formadoras en pedagog\u00eda activa 97\/2010<\/td>\n<td width=\"208\">Educaci\u00f3n b\u00e1sica<br \/>\nPromoci\u00f3n de la educaci\u00f3n infantil<br \/>\nMejora de programas de estudios<br \/>\nCapacitaci\u00f3n del profesorado<\/td>\n<\/tr>\n<tr>\n<td width=\"86\">Castilla La Mancha<\/td>\n<td width=\"89\">Final \/ Proyecto<\/td>\n<td width=\"241\">Participaci\u00f3n activa de organizaciones campesinas, con representaci\u00f3n significativa de mujeres, en el desarrollo local de la Provincia de Bandundu<\/td>\n<td width=\"208\">Soberan\u00eda alimentaria<br \/>\nFortalecimiento de Estructuras Democr\u00e1ticas<br \/>\nIntegraci\u00f3n social de mujeres<\/td>\n<\/tr>\n<tr>\n<td rowspan=\"3\" width=\"86\">AECID<\/td>\n<td width=\"89\">Final \/ Proyecto<\/td>\n<td width=\"241\">Apoyo a la salud b\u00e1sica y reinserci\u00f3n social de mujeres v\u00edctimas de la guerra en Kivu Norte<\/td>\n<td width=\"208\">Infraestructura sanitaria b\u00e1sica<br \/>\nLucha contra ETS y VIH\/SIDA<br \/>\nMujer y desarrollo<\/td>\n<\/tr>\n<tr>\n<td width=\"89\">Final \/ Proyecto<\/td>\n<td width=\"241\">Mejora de la infraestructura sanitaria b\u00e1sica y educaci\u00f3n sanitaria en el territorio de Rutshuru, Masisi y Walikale (Kivu-Norte)<\/td>\n<td width=\"208\">Atenci\u00f3n sanitaria b\u00e1sica<br \/>\nInfraestructura sanitaria b\u00e1sica<br \/>\nEducaci\u00f3n sanitaria<\/td>\n<\/tr>\n<tr>\n<td width=\"89\">Final \/ Proyecto<\/td>\n<td width=\"241\">Acceso al agua potable y al saneamiento b\u00e1sico para la poblaci\u00f3n desplazada y v\u00edctima de la guerra en Kalehe, Regi\u00f3n de Kivu Sur<\/td>\n<td width=\"208\">Agua y saneamiento<\/td>\n<\/tr>\n<tr>\n<td rowspan=\"3\" width=\"76\">Guinea Conakry<\/td>\n<td width=\"86\">EUROPAID<\/td>\n<td width=\"89\">Final \/ Proyecto<\/td>\n<td width=\"241\">Apoyo a actividades generadoras de ingresos de las asociaciones de mujeres en Conakry<\/td>\n<td width=\"208\">Mujer y desarrollo<\/td>\n<\/tr>\n<tr>\n<td rowspan=\"2\" width=\"86\">La Caixa<\/td>\n<td width=\"89\">Final \/ Proyecto<\/td>\n<td width=\"241\">Hacia el otorgamiento a las autoridades sanitarias municipales de las actividades de prevenci\u00f3n y tratamiento de la desnutrici\u00f3n aguda en el Municipio de Matoto<\/td>\n<td width=\"208\">Nutrici\u00f3n b\u00e1sica<\/td>\n<\/tr>\n<tr>\n<td width=\"89\">Final \/ Proyecto<\/td>\n<td width=\"241\">Apoyo y fortalecimiento de los mecanismos de diagn\u00f3stico y tratamiento de la malnutrici\u00f3n aguda de ni\u00f1os de 6 a 59 meses e integraci\u00f3n del seguimiento nutricional de las personas infectadas por el VIH\/SIDA en el \u00e1rea urbana de Conakry<\/td>\n<td width=\"208\">Nutrici\u00f3n b\u00e1sica<\/td>\n<\/tr>\n<tr>\n<td rowspan=\"2\" width=\"76\">Guinea Ecuatorial<\/td>\n<td rowspan=\"2\" width=\"86\">AECID<\/td>\n<td width=\"89\">Final \/ Proyecto<\/td>\n<td width=\"241\">Desarrollo del programa de profesionalizaci\u00f3n de auxiliares de enfermer\u00eda en Guinea Ecuatorial\u201d, convocatoria 2009, 2\u00aa Fase<\/td>\n<td width=\"208\">Educaci\u00f3n Universitaria<\/td>\n<\/tr>\n<tr>\n<td width=\"89\">Final \/ Proyecto<\/td>\n<td width=\"241\">Desarrollo del programa de profesionalizaci\u00f3n de auxiliares de enfermer\u00eda en Guinea Ecuatorial<\/td>\n<td width=\"208\">Educaci\u00f3n Universitaria<\/td>\n<\/tr>\n<tr>\n<td width=\"76\">Guinea Ecuatorial<\/td>\n<td width=\"86\">AACID<\/td>\n<td width=\"89\">Final \/ Proyecto<\/td>\n<td width=\"241\">Apoyo a la formaci\u00f3n de comadronas para el programa de salud reproductiva de Guinea Ecuatorial<\/td>\n<td width=\"208\">Formaci\u00f3n personal sanitario<\/td>\n<\/tr>\n<tr>\n<td rowspan=\"2\" width=\"76\">Etiop\u00eda<\/td>\n<td rowspan=\"2\" width=\"86\">AECID<\/td>\n<td width=\"89\">Final \/ Proyecto<\/td>\n<td width=\"241\">Creaci\u00f3n y puesta en marcha del Centro de Salud de Atenci\u00f3n Primaria San Gabriel, Addis Abeba<\/td>\n<td width=\"208\">Infraestructura sanitaria b\u00e1sica<\/td>\n<\/tr>\n<tr>\n<td width=\"89\">Intermedia \/ Convenio<\/td>\n<td width=\"241\">Reducci\u00f3n de la mortalidad y morbilidad de la poblaci\u00f3n rural et\u00edope, prestando una especial atenci\u00f3n a mujeres y ni\u00f1os, mediante la mejora y aumento del acceso a fuentes de agua potable e infraestructuras de saneamiento b\u00e1sicos, el fortalecimiento de los servicios de atenci\u00f3n primaria de salud y del tejido social de la comunidad, educaci\u00f3n para la salud y fomento de la participaci\u00f3n social de las mujeres<\/td>\n<td width=\"208\">Agricultura, selvicultura y pesca<br \/>\nDesarrollo agrario<br \/>\nTerrenos agrarios<br \/>\nAyuda multisectorial para servicios sociales b\u00e1sicos<br \/>\nNutrici\u00f3n b\u00e1sica<\/td>\n<\/tr>\n<tr>\n<td rowspan=\"3\" width=\"76\">Angola<\/td>\n<td rowspan=\"3\" width=\"86\">AECID<\/td>\n<td width=\"89\">Final \/ Proyecto<\/td>\n<td width=\"241\">Proyecto para el fortalecimiento del Instituto Oftalmol\u00f3gico Nacional de Angola (IONA) y el desarrollo de la Especialidad de Enfermer\u00eda Oftalmol\u00f3gica en Angola<\/td>\n<td width=\"208\">Pol\u00edtica sanitaria y Gesti\u00f3n administrativa<\/td>\n<\/tr>\n<tr>\n<td width=\"89\">Final \/ Proyecto<\/td>\n<td width=\"241\">Mejora de las condiciones de salud en Cuemba, mediante la construcci\u00f3n de infraestructuras sanitarias y la educaci\u00f3n en valores higi\u00e9nico sanitarios<\/td>\n<td width=\"208\">Salud b\u00e1sica<br \/>\nInfraestructuras sanitarias<br \/>\nEducaci\u00f3n sanitaria<\/td>\n<\/tr>\n<tr>\n<td width=\"89\">Final \/ Proyecto<\/td>\n<td width=\"241\">Fortalecer al MINSA para mejorar la atenci\u00f3n a la salud sexual y reproductiva en el Municipio de Kilamba, Provincia de Luanda. Angola<\/td>\n<td width=\"208\">Salud general y b\u00e1sica<br \/>\nPol\u00edticas sobre poblaci\u00f3n y salud reproductiva<\/td>\n<\/tr>\n<tr>\n<td rowspan=\"3\" width=\"76\">Senegal<\/td>\n<td rowspan=\"3\" width=\"86\">AECID<\/td>\n<td width=\"89\">Final \/ Proyecto<\/td>\n<td width=\"241\">Mejora en las condiciones de vida y de protecci\u00f3n de la ni\u00f1ez trabajadora y talib\u00e9s<\/td>\n<td width=\"208\">Ayuda multisectorial para servicios sociales b\u00e1sicos<\/td>\n<\/tr>\n<tr>\n<td width=\"89\">Intermedia Convenio y Evaluaci\u00f3n en Tiempo Real (ETR)<\/td>\n<td width=\"241\">Asistencia inmediata a las v\u00edctimas m\u00e1s vulnerables de crisis humanitarias, s\u00fabitas y de tracto lento, con atenci\u00f3n a las necesidades de Agua, saneamiento e higiene, Seguridad Alimentaria, Salud y Nutrici\u00f3n, con un componente de fortalecimiento de capacidades de la organizaci\u00f3n (2% m\u00e1ximo) sin \u00e1mbito geogr\u00e1fico<\/td>\n<td width=\"208\">Ayuda de emergencia<br \/>\nAgua, saneamiento e higiene<br \/>\nSeguridad Alimentaria<br \/>\nSalud y Nutrici\u00f3n<\/td>\n<\/tr>\n<tr>\n<td width=\"89\">Intermedia \/ Convenio<\/td>\n<td width=\"241\">Apoyo a la prevenci\u00f3n de conflictos y prevenci\u00f3n de la paz en Casamance, a trav\u00e9s de la formaci\u00f3n y difusi\u00f3n de los Derechos Humanos, Derecho Internacional Humanitario, Educaci\u00f3n para la ciudadan\u00eda y la paz, promoci\u00f3n de los valores humanitarios, y capacitaci\u00f3n y formaci\u00f3n profesional como instrumento de inserci\u00f3n social y laboral<\/td>\n<td width=\"208\">Gobierno y Sociedad Civil<br \/>\nEducaci\u00f3n<\/td>\n<\/tr>\n<tr>\n<td rowspan=\"6\" width=\"76\">Mauritania<\/td>\n<td width=\"86\">AACID<\/td>\n<td width=\"89\">Final \/ Proyecto<\/td>\n<td width=\"241\">Fortalecimiento de la estrategia de descentralizaci\u00f3n de la red de diagn\u00f3stico y tratamiento de la tuberculosis en Mauritania<\/td>\n<td width=\"208\">Control de enfermedades infecciosas<br \/>\nInfraestructura sanitaria b\u00e1sica<br \/>\nServicios m\u00e9dicos<\/td>\n<\/tr>\n<tr>\n<td width=\"86\">EUROPAID<\/td>\n<td width=\"89\">Final \/ Proyecto<\/td>\n<td width=\"241\">Projet de lutte contre la malnutrition et de recherche \u2013action en filets de s\u00e9curit\u00e9 au Guidimakha en Mauritanie<\/td>\n<td width=\"208\">Nutrici\u00f3n b\u00e1sica<\/td>\n<\/tr>\n<tr>\n<td rowspan=\"2\" width=\"86\">ECHO<\/td>\n<td width=\"89\">Final \/ Proyecto<\/td>\n<td width=\"241\">Fortalecimiento de las Instituciones Sanitarias en el manejo de la desnutrici\u00f3n aguda<\/td>\n<td width=\"208\">Infraestructura sanitaria b\u00e1sica<br \/>\nAgua y saneamiento<br \/>\nNutrici\u00f3n b\u00e1sica<\/td>\n<\/tr>\n<tr>\n<td width=\"89\">Final \/ Proyecto<\/td>\n<td width=\"241\">Apoyo a los Centros Nutricionales para el cumplimiento efectivo del Protocolo Nacional para la reducci\u00f3n de la malnutrici\u00f3n aguda en la Regi\u00f3n de Guidimakha<\/td>\n<td width=\"208\">Infraestructura sanitaria b\u00e1sica<br \/>\nAgua y saneamiento<br \/>\nNutrici\u00f3n b\u00e1sica<\/td>\n<\/tr>\n<tr>\n<td width=\"86\">CAM y ACCD<\/td>\n<td width=\"89\">Intermedia \/ Programa<\/td>\n<td width=\"241\">Programa de Acci\u00f3n, Educaci\u00f3n y Participaci\u00f3n con la Poblaci\u00f3n Infantil Mauritana m\u00e1s vulnerable<\/td>\n<td width=\"208\">Educaci\u00f3n b\u00e1sica<\/td>\n<\/tr>\n<tr>\n<td width=\"86\">AECID<\/td>\n<td width=\"89\">Intermedia del Convenio y Evaluaci\u00f3n en Tiempo Real (ETR)<\/td>\n<td width=\"241\">Asistencia inmediata a las v\u00edctimas m\u00e1s vulnerables de crisis humanitarias, s\u00fabitas y de tracto lento, con atenci\u00f3n a las necesidades de Agua, saneamiento e higiene, Seguridad Alimentaria, Salud y Nutrici\u00f3n, con un componente de fortalecimiento de capacidades de la organizaci\u00f3n (2% m\u00e1ximo) sin \u00e1mbito geogr\u00e1fico<\/td>\n<td width=\"208\">Ayuda de emergencia<br \/>\nAgua, saneamiento e higiene<br \/>\nSeguridad Alimentaria<br \/>\nSalud y Nutrici\u00f3n<\/td>\n<\/tr>\n<tr>\n<td width=\"76\">Guinea Bissau<\/td>\n<td width=\"86\">AECID<\/td>\n<td width=\"89\">Intermedia \/ \u00a0 Convenio<\/td>\n<td width=\"241\">Agua y Salud en las Escuelas en las Regiones de Bafat\u00e1, Gab\u00fa y las regiones Insulares de Bijag\u00f3s, Piscis y Jeta. Pozos, letrinas y cantinas para las escuelas<\/td>\n<td width=\"208\">Depuraci\u00f3n y suministro de agua<br \/>\nAbastecimiento y depuraci\u00f3n de agua<\/td>\n<\/tr>\n<\/tbody>\n<\/table>\n<p><strong>\u00a0<\/strong><\/p>\n","protected":false},"excerpt":{"rendered":"<p>Pa\u00eds Financiador Tipo T\u00edtulo Sectores\/Subsectores\/Resultados Rep\u00fablica Democr\u00e1tica del Congo AACID Final \/ Proyecto Educaci\u00f3n de base y profesional para la infancia y chicas j\u00f3venes del barrio de Kimbanseke. Kinshasa Educaci\u00f3n b\u00e1sica Constricci\u00f3n de escuelas Promoci\u00f3n de la educaci\u00f3n infantil Formaci\u00f3n de j\u00f3venes y adultos Final \/ Proyecto Bilanga ya Mateya: formaci\u00f3n de formadores y formadoras [&hellip;]<\/p>\n","protected":false},"author":1,"featured_media":0,"parent":156,"menu_order":2,"comment_status":"closed","ping_status":"closed","template":"","meta":[],"_links":{"self":[{"href":"https:\/\/www.gcisalud.com\/index.php\/wp-json\/wp\/v2\/pages\/183"}],"collection":[{"href":"https:\/\/www.gcisalud.com\/index.php\/wp-json\/wp\/v2\/pages"}],"about":[{"href":"https:\/\/www.gcisalud.com\/index.php\/wp-json\/wp\/v2\/types\/page"}],"author":[{"embeddable":true,"href":"https:\/\/www.gcisalud.com\/index.php\/wp-json\/wp\/v2\/users\/1"}],"replies":[{"embeddable":true,"href":"https:\/\/www.gcisalud.com\/index.php\/wp-json\/wp\/v2\/comments?post=183"}],"version-history":[{"count":3,"href":"https:\/\/www.gcisalud.com\/index.php\/wp-json\/wp\/v2\/pages\/183\/revisions"}],"predecessor-version":[{"id":239,"href":"https:\/\/www.gcisalud.com\/index.php\/wp-json\/wp\/v2\/pages\/183\/revisions\/239"}],"up":[{"embeddable":true,"href":"https:\/\/www.gcisalud.com\/index.php\/wp-json\/wp\/v2\/pages\/156"}],"wp:attachment":[{"href":"https:\/\/www.gcisalud.com\/index.php\/wp-json\/wp\/v2\/media?parent=183"}],"curies":[{"name":"wp","href":"https:\/\/api.w.org\/{rel}","templated":true}]}}