{"id":185,"date":"2014-09-16T09:48:15","date_gmt":"2014-09-16T07:48:15","guid":{"rendered":"http:\/\/www.gcisalud.com\/?page_id=185"},"modified":"2014-09-17T14:19:15","modified_gmt":"2014-09-17T12:19:15","slug":"otros-paises","status":"publish","type":"page","link":"https:\/\/www.gcisalud.com\/index.php\/servicios-y-areas-de-trabajo\/cooperacion-al-desarrollo\/otros-paises\/","title":{"rendered":"Otros pa\u00edses"},"content":{"rendered":"<table width=\"100%\" class=\"table_paises\">\n<tbody>\n<tr>\n<td width=\"85\"><strong>Pa\u00eds<\/strong><\/td>\n<td width=\"91\"><strong>Financiador<\/strong><\/td>\n<td width=\"89\"><strong>Tipo<\/strong><\/td>\n<td width=\"200\"><strong>T\u00edtulo<\/strong><\/td>\n<td width=\"235\"><strong>Sectores\/Subsectores\/Resultados<\/strong><\/td>\n<\/tr>\n<tr>\n<td rowspan=\"6\" width=\"85\">Espa\u00f1a<\/td>\n<td rowspan=\"2\" width=\"91\">Generalitat Valenciana<\/td>\n<td width=\"89\">Final \/ Proyecto<\/td>\n<td width=\"200\">Escuela Solidaria 2010 &#8211; 2011<\/td>\n<td width=\"235\">Educaci\u00f3n (comunidad educativa, Escolares y J\u00f3venes de educaci\u00f3n primaria y secundaria, Profesores y Padres y Madres)<\/td>\n<\/tr>\n<tr>\n<td width=\"89\">Final \/ Proyecto<\/td>\n<td width=\"200\">Escuela Solidaria 2008 &#8211; 2010<\/td>\n<td width=\"235\">Educaci\u00f3n (comunidad educativa, Escolares y J\u00f3venes de educaci\u00f3n primaria y secundaria, Profesores y Padres y Madres)<br \/>\nConsumo Responsable<\/td>\n<\/tr>\n<tr>\n<td rowspan=\"2\" width=\"91\">JCCLM<\/td>\n<td width=\"89\">Ex Ante<\/td>\n<td width=\"200\">Solicitudes presentadas por ONGs a la Convocatoria 2010 de subvenciones a proyectos de Cooperaci\u00f3n al Desarrollo<\/td>\n<td width=\"235\">Consumo Responsable<br \/>\nVivienda<br \/>\nEducaci\u00f3n<br \/>\nInfancia<br \/>\nSeguridad Alimentaria<br \/>\nMedio Ambiente<br \/>\nAgua y Saneamiento<br \/>\nSalud<br \/>\nPoblaci\u00f3n Marginada<br \/>\nMultisectorial<\/td>\n<\/tr>\n<tr>\n<td width=\"89\">Ex Ante<\/td>\n<td width=\"200\">Solicitudes presentadas por ONGs a la Convocatoria 2009 de subvenciones a proyectos de Cooperaci\u00f3n al Desarrollo<\/td>\n<td width=\"235\">Educaci\u00f3n<br \/>\nConsumo Responsable<br \/>\nMedio Ambiente<br \/>\nSalud<br \/>\nVivienda<\/td>\n<\/tr>\n<tr>\n<td width=\"91\">CAM<\/td>\n<td width=\"89\">Final \/ Programa<\/td>\n<td width=\"200\">Inmigraci\u00f3n, Juventud y Segunda Generaci\u00f3n: procesos de Integraci\u00f3n 2007\/2009<\/td>\n<td width=\"235\">Educaci\u00f3n<br \/>\nInserci\u00f3n Laboral<\/td>\n<\/tr>\n<tr>\n<td width=\"91\">ONG<\/td>\n<td width=\"89\">Indicadores<\/td>\n<td width=\"200\">Evaluaci\u00f3n de Indicadores de la Herramienta de Transparencia y Buen Gobierno de la CONGD para la ONG<\/td>\n<td width=\"235\">Auditor\u00eda<\/td>\n<\/tr>\n<tr>\n<td rowspan=\"2\" width=\"85\">Filipinas<\/td>\n<td rowspan=\"2\" width=\"91\">AECID<\/td>\n<td width=\"89\">Intermedia Convenio y Evaluaci\u00f3n en Tiempo Real (ETR)<\/td>\n<td width=\"200\">Respuesta ante emergencias, rehabilitaci\u00f3n temprana y agravamiento de crisis sostenidas, con \u00e9nfasis en protecci\u00f3n de ni\u00f1os y adolescentes, y componente de fortalecimiento de capacidades de la Organizaci\u00f3n (formaci\u00f3n) hasta un m\u00e1ximo de 2%<\/td>\n<td width=\"235\">Ayuda y servicios materiales de emergencia<br \/>\nAyuda a refugiados<br \/>\nAyuda alimentaria de emergencia<br \/>\nReconstrucci\u00f3n y rehabilitaci\u00f3n<\/td>\n<\/tr>\n<tr>\n<td width=\"89\">Intermedia Convenio y Evaluaci\u00f3n en Tiempo Real (ETR)<\/td>\n<td width=\"200\">Asistencia inmediata a las v\u00edctimas m\u00e1s vulnerables de crisis humanitarias, s\u00fabitas y de tracto lento, con atenci\u00f3n a las necesidades de Agua, saneamiento e higiene, Seguridad Alimentaria, Salud y Nutrici\u00f3n, con un componente de fortalecimiento de capacidades de la organizaci\u00f3n (2% m\u00e1ximo) sin \u00e1mbito geogr\u00e1fico<\/td>\n<td width=\"235\">Ayuda de emergencia<br \/>\nAgua, saneamiento e higiene<br \/>\nSeguridad Alimentaria<br \/>\nSalud y Nutrici\u00f3n<\/td>\n<\/tr>\n<tr>\n<td width=\"85\">Palestina<\/td>\n<td width=\"91\">AECID<\/td>\n<td width=\"89\">Intermedia \/ Convenio<\/td>\n<td width=\"200\">Apoyo al acceso de la poblaci\u00f3n de los territorios palestinos a los servicios de salud de atenci\u00f3n primaria, ambulatoria, domiciliaria y psicosocial, en especial a personas con enfermedades cr\u00f3nicas, y al desarrollo de h\u00e1bitos saludables<\/td>\n<td width=\"235\">Salud<br \/>\nSalud b\u00e1sica<\/p>\n<ul>\n<li>Atenci\u00f3n sanitaria b\u00e1sica<\/li>\n<li>Educaci\u00f3n sanitaria<\/li>\n<li>Formaci\u00f3n personal sanitario<\/li>\n<\/ul>\n<\/td>\n<\/tr>\n<tr>\n<td width=\"85\">Jerusal\u00e9n<\/td>\n<td width=\"91\">AECID<\/td>\n<td width=\"89\">Intermedia \/ Convenio<\/td>\n<td width=\"200\">Protecci\u00f3n y Desarrollo integral de la poblaci\u00f3n Palestina de Jerusal\u00e9n Este, a trav\u00e9s del Fortalecimiento de las capacidades organizativas de la sociedad civil, de la defensa de sus derechos civiles y sociales, del apoyo a la prestaci\u00f3n de servicios sociales b\u00e1sicos, y del impulso del desarrollo econ\u00f3mico y la creaci\u00f3n de empleo. Jerusal\u00e9n Este<\/td>\n<td width=\"235\">Educaci\u00f3n<\/p>\n<ul>\n<li>Servicios e instalaciones educativas<\/li>\n<li>Formaci\u00f3n<\/li>\n<\/ul>\n<p>Salud<\/p>\n<ul>\n<li>Atenci\u00f3n sanitaria b\u00e1sica<\/li>\n<li>Educaci\u00f3n sanitaria<\/li>\n<\/ul>\n<p>Gobierno y Sociedad Civil<\/p>\n<ul>\n<li>Desarrollo legal y judidal<\/li>\n<li>Fortalecimiento de la Sociedad Civil<\/li>\n<li>Derechos humanos<\/li>\n<\/ul>\n<p>Otros Servicios Sociales<\/p>\n<ul>\n<li>Ayudas a la reconstrucci\u00f3n<\/li>\n<li>Cultura y ocio<\/li>\n<\/ul>\n<p>Mujer y Desarrollo<\/td>\n<\/tr>\n<\/tbody>\n<\/table>\n<p><strong>\u00a0<\/strong><\/p>\n","protected":false},"excerpt":{"rendered":"<p>Pa\u00eds Financiador Tipo T\u00edtulo Sectores\/Subsectores\/Resultados Espa\u00f1a Generalitat Valenciana Final \/ Proyecto Escuela Solidaria 2010 &#8211; 2011 Educaci\u00f3n (comunidad educativa, Escolares y J\u00f3venes de educaci\u00f3n primaria y secundaria, Profesores y Padres y Madres) Final \/ Proyecto Escuela Solidaria 2008 &#8211; 2010 Educaci\u00f3n (comunidad educativa, Escolares y J\u00f3venes de educaci\u00f3n primaria y secundaria, Profesores y Padres y [&hellip;]<\/p>\n","protected":false},"author":1,"featured_media":0,"parent":156,"menu_order":3,"comment_status":"closed","ping_status":"closed","template":"","meta":[],"_links":{"self":[{"href":"https:\/\/www.gcisalud.com\/index.php\/wp-json\/wp\/v2\/pages\/185"}],"collection":[{"href":"https:\/\/www.gcisalud.com\/index.php\/wp-json\/wp\/v2\/pages"}],"about":[{"href":"https:\/\/www.gcisalud.com\/index.php\/wp-json\/wp\/v2\/types\/page"}],"author":[{"embeddable":true,"href":"https:\/\/www.gcisalud.com\/index.php\/wp-json\/wp\/v2\/users\/1"}],"replies":[{"embeddable":true,"href":"https:\/\/www.gcisalud.com\/index.php\/wp-json\/wp\/v2\/comments?post=185"}],"version-history":[{"count":3,"href":"https:\/\/www.gcisalud.com\/index.php\/wp-json\/wp\/v2\/pages\/185\/revisions"}],"predecessor-version":[{"id":240,"href":"https:\/\/www.gcisalud.com\/index.php\/wp-json\/wp\/v2\/pages\/185\/revisions\/240"}],"up":[{"embeddable":true,"href":"https:\/\/www.gcisalud.com\/index.php\/wp-json\/wp\/v2\/pages\/156"}],"wp:attachment":[{"href":"https:\/\/www.gcisalud.com\/index.php\/wp-json\/wp\/v2\/media?parent=185"}],"curies":[{"name":"wp","href":"https:\/\/api.w.org\/{rel}","templated":true}]}}