{"id":192,"date":"2014-09-16T10:04:07","date_gmt":"2014-09-16T08:04:07","guid":{"rendered":"http:\/\/www.gcisalud.com\/?page_id=192"},"modified":"2014-09-17T14:13:54","modified_gmt":"2014-09-17T12:13:54","slug":"africa","status":"publish","type":"page","link":"https:\/\/www.gcisalud.com\/index.php\/servicios-y-areas-de-trabajo\/consultoria\/africa\/","title":{"rendered":"\u00c1frica"},"content":{"rendered":"<table width=\"100%\" class=\"table_paises\">\n<tbody>\n<tr>\n<td width=\"104\"><strong>Pa\u00eds<\/strong><\/td>\n<td width=\"98\"><strong>Financiador<\/strong><\/td>\n<td width=\"233\"><strong>T\u00edtulo<\/strong><\/td>\n<td width=\"246\"><strong>Sectores\/Especialidades<\/strong><\/td>\n<\/tr>\n<tr>\n<td rowspan=\"2\" width=\"104\">Mozambique<\/td>\n<td rowspan=\"2\" width=\"98\">Banco Mundial<\/td>\n<td width=\"233\">Fortalecimiento del Sistema de Abastecimiento, Almacenaje y Distribuci\u00f3n de Medicamentos para todo el Pa\u00eds (Centros de distribuci\u00f3n en Maputo, Beira y Nampula)<\/td>\n<td rowspan=\"2\" width=\"246\">MedicamentosGesti\u00f3n de Compras<br \/>\nGesti\u00f3n de Almacenes<br \/>\nLog\u00edstica y Distribuci\u00f3n<br \/>\nFormaci\u00f3n<br \/>\nEstudio de Costes<br \/>\nInformatizaci\u00f3n<\/td>\n<\/tr>\n<tr>\n<td width=\"233\">Ampliaci\u00f3n del proyecto Fortalecimiento del Sistema de Abastecimiento, Almacenaje y Distribuci\u00f3n de Medicamentos para todo el Pa\u00eds (Centros de distribuci\u00f3n en Maputo, Beira y Nampula)<\/td>\n<\/tr>\n<\/tbody>\n<\/table>\n<p>&nbsp;<\/p>\n","protected":false},"excerpt":{"rendered":"<p>Pa\u00eds Financiador T\u00edtulo Sectores\/Especialidades Mozambique Banco Mundial Fortalecimiento del Sistema de Abastecimiento, Almacenaje y Distribuci\u00f3n de Medicamentos para todo el Pa\u00eds (Centros de distribuci\u00f3n en Maputo, Beira y Nampula) MedicamentosGesti\u00f3n de Compras Gesti\u00f3n de Almacenes Log\u00edstica y Distribuci\u00f3n Formaci\u00f3n Estudio de Costes Informatizaci\u00f3n Ampliaci\u00f3n del proyecto Fortalecimiento del Sistema de Abastecimiento, Almacenaje y Distribuci\u00f3n de [&hellip;]<\/p>\n","protected":false},"author":1,"featured_media":0,"parent":152,"menu_order":2,"comment_status":"closed","ping_status":"closed","template":"","meta":[],"_links":{"self":[{"href":"https:\/\/www.gcisalud.com\/index.php\/wp-json\/wp\/v2\/pages\/192"}],"collection":[{"href":"https:\/\/www.gcisalud.com\/index.php\/wp-json\/wp\/v2\/pages"}],"about":[{"href":"https:\/\/www.gcisalud.com\/index.php\/wp-json\/wp\/v2\/types\/page"}],"author":[{"embeddable":true,"href":"https:\/\/www.gcisalud.com\/index.php\/wp-json\/wp\/v2\/users\/1"}],"replies":[{"embeddable":true,"href":"https:\/\/www.gcisalud.com\/index.php\/wp-json\/wp\/v2\/comments?post=192"}],"version-history":[{"count":2,"href":"https:\/\/www.gcisalud.com\/index.php\/wp-json\/wp\/v2\/pages\/192\/revisions"}],"predecessor-version":[{"id":234,"href":"https:\/\/www.gcisalud.com\/index.php\/wp-json\/wp\/v2\/pages\/192\/revisions\/234"}],"up":[{"embeddable":true,"href":"https:\/\/www.gcisalud.com\/index.php\/wp-json\/wp\/v2\/pages\/152"}],"wp:attachment":[{"href":"https:\/\/www.gcisalud.com\/index.php\/wp-json\/wp\/v2\/media?parent=192"}],"curies":[{"name":"wp","href":"https:\/\/api.w.org\/{rel}","templated":true}]}}