{"id":2,"date":"2010-04-23T14:22:41","date_gmt":"2010-04-23T12:22:41","guid":{"rendered":"http:\/\/www.gcisalud.com\/?page_id=2"},"modified":"2014-09-15T19:50:11","modified_gmt":"2014-09-15T17:50:11","slug":"acerca-de","status":"publish","type":"page","link":"https:\/\/www.gcisalud.com\/","title":{"rendered":"Quienes Somos"},"content":{"rendered":"<p style=\"text-align: justify;\">Somos una sociedad espa\u00f1ola fundada en 1993, cuya actividad fundamental es la consultor\u00eda t\u00e9cnica en el \u00e1rea de la <strong>Cooperaci\u00f3n<\/strong><strong> al Desarrollo, <\/strong>en el<strong> Sector Social<\/strong>, para instituciones p\u00fablicas y privadas, nacionales e internacionales.<\/p>\n<p style=\"text-align: justify;\">En todos nuestros trabajos le damos una especial importancia a la <strong>Eficiencia<\/strong><strong>, Calidad y Adaptabilidad<\/strong>, implementando sistemas y programas que, utilizando como instrumentos la evaluaci\u00f3n y capacitaci\u00f3n permanente, se adapten en todo momento a la realidad y necesidades del pa\u00eds.<\/p>\n<p style=\"text-align: justify;\">GCI incorpora en sus trabajos equipos de expertos, locales e internacionales, con experiencia en las diferentes disciplinas que contemple el Proyecto, con el principal objetivo de garantizar una alta calidad del mismo, implementando soluciones pr\u00e1cticas adaptadas al contexto del pa\u00eds donde se interviene. Se trabaja con un enfoque participativo integrando las especialidades de cada uno de sus miembros.<\/p>\n<p style=\"text-align: justify;\">Nuestra actividad est\u00e1 dirigida, por un lado, al sector p\u00fablico a trav\u00e9s de proyectos de consultor\u00eda y asesoramiento a diferentes instituciones como a Ministerios, Ayuntamientos u Organismos Multilaterales, en temas de gesti\u00f3n, planificaci\u00f3n, calidad, formaci\u00f3n, presupuestos, recursos humanos y evaluaci\u00f3n de proyectos entre otros.<\/p>\n<p style=\"text-align: justify;\">Por otro lado a las Organizaciones sin \u00e1nimo de lucro, ONGD y Fundaciones, aportando nuestra experiencia en este sector, en cada una de las diferentes fases del ciclo de los proyectos, desde la identificaci\u00f3n hasta la evaluaci\u00f3n t\u00e9cnica y financiera.<\/p>\n<p><center><img loading=\"lazy\" class=\"size-full wp-image-117 aligncenter\" src=\"http:\/\/www.gcisalud.com\/wp-content\/uploads\/grafico-inicio.jpg\" alt=\"Gci Salud Inicio\" width=\"550\" height=\"333\" srcset=\"https:\/\/www.gcisalud.com\/wp-content\/uploads\/grafico-inicio.jpg 550w, https:\/\/www.gcisalud.com\/wp-content\/uploads\/grafico-inicio-300x181.jpg 300w\" sizes=\"(max-width: 550px) 100vw, 550px\" \/><\/center><\/p>\n","protected":false},"excerpt":{"rendered":"<p>Somos una sociedad espa\u00f1ola fundada en 1993, cuya actividad fundamental es la consultor\u00eda t\u00e9cnica en el \u00e1rea de la Cooperaci\u00f3n al Desarrollo, en el Sector Social, para instituciones p\u00fablicas y privadas, nacionales e internacionales. En todos nuestros trabajos le damos una especial importancia a la Eficiencia, Calidad y Adaptabilidad, implementando sistemas y programas que, utilizando [&hellip;]<\/p>\n","protected":false},"author":1,"featured_media":0,"parent":0,"menu_order":0,"comment_status":"closed","ping_status":"closed","template":"","meta":[],"_links":{"self":[{"href":"https:\/\/www.gcisalud.com\/index.php\/wp-json\/wp\/v2\/pages\/2"}],"collection":[{"href":"https:\/\/www.gcisalud.com\/index.php\/wp-json\/wp\/v2\/pages"}],"about":[{"href":"https:\/\/www.gcisalud.com\/index.php\/wp-json\/wp\/v2\/types\/page"}],"author":[{"embeddable":true,"href":"https:\/\/www.gcisalud.com\/index.php\/wp-json\/wp\/v2\/users\/1"}],"replies":[{"embeddable":true,"href":"https:\/\/www.gcisalud.com\/index.php\/wp-json\/wp\/v2\/comments?post=2"}],"version-history":[{"count":12,"href":"https:\/\/www.gcisalud.com\/index.php\/wp-json\/wp\/v2\/pages\/2\/revisions"}],"predecessor-version":[{"id":159,"href":"https:\/\/www.gcisalud.com\/index.php\/wp-json\/wp\/v2\/pages\/2\/revisions\/159"}],"wp:attachment":[{"href":"https:\/\/www.gcisalud.com\/index.php\/wp-json\/wp\/v2\/media?parent=2"}],"curies":[{"name":"wp","href":"https:\/\/api.w.org\/{rel}","templated":true}]}}