{"id":205,"date":"2014-09-16T11:30:27","date_gmt":"2014-09-16T09:30:27","guid":{"rendered":"http:\/\/www.gcisalud.com\/?page_id=205"},"modified":"2014-09-22T10:10:58","modified_gmt":"2014-09-22T08:10:58","slug":"nacional","status":"publish","type":"page","link":"https:\/\/www.gcisalud.com\/index.php\/nacional\/","title":{"rendered":"GCI Finanzas"},"content":{"rendered":"<p style=\"text-align: justify;\">En el a\u00f1o 2008 se crea una divisi\u00f3n nacional especializada en Consultor\u00eda T\u00e9cnica y Financiera &#8211; Administrativa dirigida al mundo empresarial y a las Organizaciones P\u00fablicas y Privadas.<\/p>\n<p style=\"text-align: justify;\">Prestamos asesor\u00eda personalizada a las PYME.<\/p>\n<p style=\"text-align: justify;\">Consultor\u00eda y Asesor\u00eda Financiera-Administrativa que le ofrece una visi\u00f3n integral de su negocio, basada en una atenci\u00f3n personalizada en \u00e1reas de Contabilidad, Fiscal, Laboral, Mercantil, Auditorias, Implantaci\u00f3n de sistemas de gesti\u00f3n, Plan de viabilidad, An\u00e1lisis Presupuestario, Plan para emprendedores, Formaci\u00f3n y Organizaci\u00f3n empresarial.<\/p>\n<p style=\"text-align: justify;\">Ofrecemos nuestra experiencia en ambos sectores \u201cCooperaci\u00f3n al desarrollo\u201d y \u201cAdministraci\u00f3n y Finanzas\u201d, en las siguientes \u00e1reas:<\/p>\n<table border=\"0\" width=\"100%\">\n<tbody>\n<tr>\n<td valign=\"top\"><a href=\"http:\/\/www.gcifinanzas.com\"><br \/>\n<img loading=\"lazy\" class=\"size-full wp-image-226 aligncenter\" src=\"http:\/\/www.gcisalud.com\/wp-content\/uploads\/logo_gci_pq.png\" alt=\"logo_gci_pq\" width=\"187\" height=\"60\" \/><\/a><\/td>\n<td valign=\"top\"><img loading=\"lazy\" class=\"aligncenter wp-image-206 size-full\" src=\"http:\/\/www.gcisalud.com\/wp-content\/uploads\/grafico-finanzas.png\" alt=\"grafico-finanzas\" width=\"550\" height=\"438\" srcset=\"https:\/\/www.gcisalud.com\/wp-content\/uploads\/grafico-finanzas.png 550w, https:\/\/www.gcisalud.com\/wp-content\/uploads\/grafico-finanzas-300x238.png 300w\" sizes=\"(max-width: 550px) 100vw, 550px\" \/><\/td>\n<td valign=\"top\"><a href=\"http:\/\/www.gcifinanzas.com\">Link a:<br \/>\n<img loading=\"lazy\" class=\"size-full wp-image-221 aligncenter\" src=\"http:\/\/www.gcisalud.com\/wp-content\/uploads\/logo_finanzas_pq.png\" alt=\"GCI Finanazas\" width=\"130\" height=\"60\" \/><\/a><\/td>\n<\/tr>\n<\/tbody>\n<\/table>\n","protected":false},"excerpt":{"rendered":"<p>En el a\u00f1o 2008 se crea una divisi\u00f3n nacional especializada en Consultor\u00eda T\u00e9cnica y Financiera &#8211; Administrativa dirigida al mundo empresarial y a las Organizaciones P\u00fablicas y Privadas. Prestamos asesor\u00eda personalizada a las PYME. Consultor\u00eda y Asesor\u00eda Financiera-Administrativa que le ofrece una visi\u00f3n integral de su negocio, basada en una atenci\u00f3n personalizada en \u00e1reas de [&hellip;]<\/p>\n","protected":false},"author":1,"featured_media":0,"parent":0,"menu_order":0,"comment_status":"closed","ping_status":"closed","template":"","meta":[],"_links":{"self":[{"href":"https:\/\/www.gcisalud.com\/index.php\/wp-json\/wp\/v2\/pages\/205"}],"collection":[{"href":"https:\/\/www.gcisalud.com\/index.php\/wp-json\/wp\/v2\/pages"}],"about":[{"href":"https:\/\/www.gcisalud.com\/index.php\/wp-json\/wp\/v2\/types\/page"}],"author":[{"embeddable":true,"href":"https:\/\/www.gcisalud.com\/index.php\/wp-json\/wp\/v2\/users\/1"}],"replies":[{"embeddable":true,"href":"https:\/\/www.gcisalud.com\/index.php\/wp-json\/wp\/v2\/comments?post=205"}],"version-history":[{"count":13,"href":"https:\/\/www.gcisalud.com\/index.php\/wp-json\/wp\/v2\/pages\/205\/revisions"}],"predecessor-version":[{"id":251,"href":"https:\/\/www.gcisalud.com\/index.php\/wp-json\/wp\/v2\/pages\/205\/revisions\/251"}],"wp:attachment":[{"href":"https:\/\/www.gcisalud.com\/index.php\/wp-json\/wp\/v2\/media?parent=205"}],"curies":[{"name":"wp","href":"https:\/\/api.w.org\/{rel}","templated":true}]}}