{"id":52,"date":"2010-04-28T16:39:28","date_gmt":"2010-04-28T14:39:28","guid":{"rendered":"http:\/\/www.gcisalud.com\/?page_id=52"},"modified":"2014-09-17T14:13:22","modified_gmt":"2014-09-17T12:13:22","slug":"america-central","status":"publish","type":"page","link":"https:\/\/www.gcisalud.com\/index.php\/servicios-y-areas-de-trabajo\/consultoria\/america-central\/","title":{"rendered":"Am\u00e9rica Central"},"content":{"rendered":"<table width=\"100%\" class=\"table_paises\">\n<tbody>\n<tr>\n<td width=\"142\"><strong>Pa\u00eds<\/strong><\/td>\n<td width=\"104\"><strong>Financiador<\/strong><\/td>\n<td width=\"265\"><strong>T\u00edtulo<\/strong><\/td>\n<td width=\"217\"><strong>Sectores\/Especialidades<\/strong><\/td>\n<\/tr>\n<tr>\n<td width=\"142\">Panam\u00e1, Costa Rica, Nicaragua, Honduras, Belice, El Salvador, Guatemala y Rep\u00fablica Dominicana<\/td>\n<td width=\"104\">BCIE &#8211; SISCA<\/td>\n<td width=\"265\">Centro de Acopio, Compras y Distribuci\u00f3n de Medicamentos e Insumos para la Atenci\u00f3n de la Salud de los pa\u00edses de Centroam\u00e9rica<\/td>\n<td width=\"217\">T\u00e9cnicas de Negociaci\u00f3n<br \/>\nLegislaci\u00f3n<br \/>\nLog\u00edstica<br \/>\nFormaci\u00f3n<br \/>\nEconom\u00eda d la Salud<br \/>\nAn\u00e1lisis de Procesos<br \/>\nControl de Calidad<\/td>\n<\/tr>\n<tr>\n<td rowspan=\"6\" width=\"142\">El Salvador<\/td>\n<td width=\"104\">Banco Mundial<\/td>\n<td width=\"265\">Evaluaci\u00f3n de las Proveedoras (ONGD) y Equipos M\u00f3viles Institucionales de la Extensi\u00f3n de Cobertura de los Servicios de Salud (Nivel Nacional)<\/td>\n<td width=\"217\">Evaluaci\u00f3n de Procesos<br \/>\nFortalecimiento Institucional<br \/>\nFormaci\u00f3n<br \/>\nEconom\u00eda de la Salud<\/td>\n<\/tr>\n<tr>\n<td width=\"104\">BID<\/td>\n<td width=\"265\">Programa de Apoyo al Sector Financiero en El Salvador. Asistencia T\u00e9cnica para el Desarrollo de la Consultor\u00eda \u201cGesti\u00f3n de Recursos Humanos\u201d (San Salvador)<\/td>\n<td width=\"217\">Recursos Humanos<\/td>\n<\/tr>\n<tr>\n<td rowspan=\"4\" width=\"104\">AECID<\/td>\n<td width=\"265\">Diplomado en Salud Familiar. Maestr\u00eda en Salud de la Facultad de Medicina de la Universidad de El Salvador (San Salvador)<\/td>\n<td width=\"217\">Formaci\u00f3n<\/td>\n<\/tr>\n<tr>\n<td width=\"265\">Diplomado en Gesti\u00f3n de los Servicios de Salud en Atenci\u00f3n Primaria (Ahuachapan)<\/td>\n<td width=\"217\">Recursos Humanos<\/td>\n<\/tr>\n<tr>\n<td width=\"265\">Optimizaci\u00f3n de los Recursos Humanos (Ahuachapan)<\/td>\n<td width=\"217\">Recursos Humanos<\/td>\n<\/tr>\n<tr>\n<td width=\"265\">Dise\u00f1o de la Estrategia B\u00e1sica del Plan de Acci\u00f3n (Ahuachapan)<\/td>\n<td width=\"217\">Planificaci\u00f3n Sanitaria<br \/>\nOrganizaci\u00f3n y Gesti\u00f3n Sanitaria<\/td>\n<\/tr>\n<tr>\n<td rowspan=\"6\" width=\"142\">Honduras<\/td>\n<td width=\"104\">Ministerio de Econom\u00eda de Espa\u00f1a<\/td>\n<td width=\"265\">Reconstrucci\u00f3n y transformaci\u00f3n de Am\u00e9rica Central \u2013 Hurac\u00e1n Mitch (Nivel Nacional)<\/td>\n<td width=\"217\">Identificaci\u00f3n de necesidades<br \/>\nPlanes estrat\u00e9gicos<br \/>\nSelecci\u00f3n de prioridades<br \/>\nProgramas y protocolos de salud<br \/>\nOferta y cobertura servicios de salud<\/td>\n<\/tr>\n<tr>\n<td width=\"104\">Anesvad<\/td>\n<td width=\"265\">Elaboraci\u00f3n de una propuesta de estrategia de intervenci\u00f3n en materia de Atenci\u00f3n Primaria en Salud (Nivel Nacional)<\/td>\n<td width=\"217\">Perfil Sociosanitario Nacional<br \/>\nL\u00edneas Estrat\u00e9gicas de Intervenci\u00f3n<br \/>\nSalud Infantil y SSR<\/td>\n<\/tr>\n<tr>\n<td width=\"104\">BID<\/td>\n<td width=\"265\">Auditoria de Desempe\u00f1o del Programa de Mejoramiento del Nivel de Salud en Honduras (Lempira, Copan, Intibuc\u00e1 y La Paz)<\/td>\n<td width=\"217\">Sistemas de Informaci\u00f3n<br \/>\nSistema de Monitoreo y Evaluaci\u00f3n<\/td>\n<\/tr>\n<tr>\n<td rowspan=\"3\" width=\"104\">Banco Mundial<\/td>\n<td width=\"265\">Desarrollo e Implementaci\u00f3n de una Estrategia Integral para Institucionalizar un Programa Nacional de Mejoramiento Continuo de la Calidad (Nivel Nacional)<\/td>\n<td width=\"217\">Planificaci\u00f3n Sanitaria<br \/>\nOrganizaci\u00f3n y Gesti\u00f3n Sanitaria<br \/>\nMarketing interno y externo<br \/>\nGesti\u00f3n de Calidad<br \/>\nRecursos Humanos<br \/>\nRecursos Materiales<\/td>\n<\/tr>\n<tr>\n<td width=\"265\">Desarrollar Opciones y Alternativas para Extensi\u00f3n de la Cobertura de los Servicios de Salud a Nueve Ciudades de Honduras (Santa Rosa Cop\u00e1n, Tela, Tocoa, Bajo Agu\u00e1n, Roat\u00e1n, Puerto Cort\u00e9s, Siguatepeque, Comayagua y San Lorenzo)<\/td>\n<td width=\"217\">Planificaci\u00f3n Sanitaria<br \/>\nEconom\u00eda de la Salud<br \/>\nMarketing interno y externo<\/td>\n<\/tr>\n<tr>\n<td width=\"265\">Desarrollo del Plan de Capacitaci\u00f3n en Regulaci\u00f3n Sanitaria de la Secretar\u00eda de Salud (Nivel Nacional)<\/td>\n<td width=\"217\">Recursos Humanos<\/td>\n<\/tr>\n<tr>\n<td rowspan=\"2\" width=\"142\">Panam\u00e1<\/td>\n<td width=\"104\">BID<\/td>\n<td width=\"265\">Consultor\u00eda para Coordinar el Monitoreo y Evaluaci\u00f3n de Convenios de Gesti\u00f3n con las Regiones de Salud del Ministerio de Salud<\/td>\n<td width=\"217\">Fortalecimiento Institucional<br \/>\nMonitoreo y Evaluaci\u00f3n<br \/>\nFormaci\u00f3n<br \/>\nT\u00e9cnicas de Negociaci\u00f3n<br \/>\nConvenios de Gesti\u00f3n<\/td>\n<\/tr>\n<tr>\n<td width=\"104\">AECID<\/td>\n<td width=\"265\">Mejora de la Calidad de la Atenci\u00f3n de Salud en las Instalaciones y centros hospitalarios. Fase I y Fase II<\/td>\n<td width=\"217\">Gesti\u00f3n de Calidad<br \/>\nRecursos Humanos<br \/>\nSistemas de Informaci\u00f3n<br \/>\nInformatizaci\u00f3n<\/td>\n<\/tr>\n<tr>\n<td rowspan=\"8\" width=\"142\">Nicaragua<\/td>\n<td rowspan=\"2\" width=\"104\">BID<\/td>\n<td width=\"265\">Desarrollo de las capacidades institucionales para el Dise\u00f1o e Implementaci\u00f3n de Gu\u00edas de Pr\u00e1ctica Cl\u00ednica para el modelo de salud del Seguro Social<\/td>\n<td width=\"217\">Investigaci\u00f3n<br \/>\nFormaci\u00f3n<br \/>\nElaboraci\u00f3n de GPC<\/td>\n<\/tr>\n<tr>\n<td width=\"265\">Estudio sobre la gesti\u00f3n empresarial, an\u00e1lisis de alternativas de administraci\u00f3n de los costos y la eficiencia global de las Empresas M\u00e9dicas Previsionales<\/td>\n<td width=\"217\">Gesti\u00f3n de Calidad<br \/>\nEconom\u00eda de la Salud<\/td>\n<\/tr>\n<tr>\n<td rowspan=\"6\" width=\"104\">Banco Mundial<\/td>\n<td width=\"265\">Extensi\u00f3n de cobertura de los Servicios de Salud Previsional al Sector Informal de la Econom\u00eda. Pilotaje de Implementaci\u00f3n para los nuevos planes<\/td>\n<td width=\"217\">An\u00e1lisis de Procesos<br \/>\nPilotaje de Implementaci\u00f3n<br \/>\nSistema Comunicaci\u00f3n y Mercadeo<\/td>\n<\/tr>\n<tr>\n<td width=\"265\">Desarrollo Organizacional de la superintendencia de pensiones y dise\u00f1o, construcci\u00f3n e implementaci\u00f3n del sistema administrativo financiero integrado de la superintendencia de pensiones.<\/td>\n<td width=\"217\">Econom\u00eda de la salud<br \/>\nOrganizaci\u00f3n y Gesti\u00f3n Sanitaria<br \/>\nGesti\u00f3n de Calidad<br \/>\nRecursos Humanos<br \/>\nSistemas de Informaci\u00f3n<br \/>\nInformatizaci\u00f3n<\/td>\n<\/tr>\n<tr>\n<td width=\"265\">Definici\u00f3n de alternativas para extensi\u00f3n y\/o ampliaci\u00f3n de cobertura de los servicios de salud a grupos no tradicionales del sector informal y trabajadores migratorios rurales.<\/td>\n<td width=\"217\">Planificaci\u00f3n Sanitaria<br \/>\nEconom\u00eda de la salud<br \/>\nOrganizaci\u00f3n y Gesti\u00f3n Sanitaria<br \/>\nGesti\u00f3n de Calidad<\/td>\n<\/tr>\n<tr>\n<td width=\"265\">Definici\u00f3n de alternativas de servicios para soluci\u00f3n de patolog\u00edas de alta complejidad.<\/td>\n<td width=\"217\">Planificaci\u00f3n Sanitaria<br \/>\nEconom\u00eda de la salud<\/td>\n<\/tr>\n<tr>\n<td width=\"265\">Ampliaci\u00f3n del proyecto Definici\u00f3n de alternativas para extensi\u00f3n y\/o ampliaci\u00f3n de cobertura de los servicios de salud previsional en Nicaragua, para Riesgos Profesionales<\/td>\n<td width=\"217\">Planificaci\u00f3n Sanitaria<br \/>\nEconom\u00eda de la salud<\/td>\n<\/tr>\n<tr>\n<td width=\"265\">Definici\u00f3n de alternativas para extensi\u00f3n y\/o ampliaci\u00f3n de cobertura de los servicios de salud previsional en Nicaragua<\/td>\n<td width=\"217\">Planificaci\u00f3n Sanitaria<br \/>\nRecursos Humanos<br \/>\nViajes de Formaci\u00f3n \u2013 Study Visit<br \/>\nEconom\u00eda de la salud<\/td>\n<\/tr>\n<\/tbody>\n<\/table>\n<p>&nbsp;<\/p>\n","protected":false},"excerpt":{"rendered":"<p>Pa\u00eds Financiador T\u00edtulo Sectores\/Especialidades Panam\u00e1, Costa Rica, Nicaragua, Honduras, Belice, El Salvador, Guatemala y Rep\u00fablica Dominicana BCIE &#8211; SISCA Centro de Acopio, Compras y Distribuci\u00f3n de Medicamentos e Insumos para la Atenci\u00f3n de la Salud de los pa\u00edses de Centroam\u00e9rica T\u00e9cnicas de Negociaci\u00f3n Legislaci\u00f3n Log\u00edstica Formaci\u00f3n Econom\u00eda d la Salud An\u00e1lisis de Procesos Control de [&hellip;]<\/p>\n","protected":false},"author":1,"featured_media":0,"parent":152,"menu_order":0,"comment_status":"closed","ping_status":"closed","template":"","meta":[],"_links":{"self":[{"href":"https:\/\/www.gcisalud.com\/index.php\/wp-json\/wp\/v2\/pages\/52"}],"collection":[{"href":"https:\/\/www.gcisalud.com\/index.php\/wp-json\/wp\/v2\/pages"}],"about":[{"href":"https:\/\/www.gcisalud.com\/index.php\/wp-json\/wp\/v2\/types\/page"}],"author":[{"embeddable":true,"href":"https:\/\/www.gcisalud.com\/index.php\/wp-json\/wp\/v2\/users\/1"}],"replies":[{"embeddable":true,"href":"https:\/\/www.gcisalud.com\/index.php\/wp-json\/wp\/v2\/comments?post=52"}],"version-history":[{"count":20,"href":"https:\/\/www.gcisalud.com\/index.php\/wp-json\/wp\/v2\/pages\/52\/revisions"}],"predecessor-version":[{"id":233,"href":"https:\/\/www.gcisalud.com\/index.php\/wp-json\/wp\/v2\/pages\/52\/revisions\/233"}],"up":[{"embeddable":true,"href":"https:\/\/www.gcisalud.com\/index.php\/wp-json\/wp\/v2\/pages\/152"}],"wp:attachment":[{"href":"https:\/\/www.gcisalud.com\/index.php\/wp-json\/wp\/v2\/media?parent=52"}],"curies":[{"name":"wp","href":"https:\/\/api.w.org\/{rel}","templated":true}]}}