{"id":55,"date":"2010-04-28T16:43:14","date_gmt":"2010-04-28T14:43:14","guid":{"rendered":"http:\/\/www.gcisalud.com\/?page_id=55"},"modified":"2014-09-17T14:12:39","modified_gmt":"2014-09-17T12:12:39","slug":"america-del-sur","status":"publish","type":"page","link":"https:\/\/www.gcisalud.com\/index.php\/servicios-y-areas-de-trabajo\/consultoria\/america-del-sur\/","title":{"rendered":"Am\u00e9rica del Sur"},"content":{"rendered":"<table width=\"100%\" class=\"table_paises\">\n<tbody>\n<tr>\n<td width=\"104\"><strong>Pa\u00eds<\/strong><\/td>\n<td width=\"98\"><strong>Financiador<\/strong><\/td>\n<td width=\"233\"><strong>T\u00edtulo<\/strong><\/td>\n<td width=\"255\"><strong>Sectores\/Especialidades<\/strong><\/td>\n<\/tr>\n<tr>\n<td width=\"104\">Venezuela<\/td>\n<td width=\"98\">Uni\u00f3n Europea<\/td>\n<td width=\"233\">Apoyo al Sector Hospitalario de Caracas: Hospital de Ni\u00f1os J.M. de los R\u00edos, Hospital Ortop\u00e9dico Infantil y Banco Municipal de Sangre de Venezuela (Caracas)<\/td>\n<td width=\"255\">Planificaci\u00f3n Sanitaria<br \/>\nOrganizaci\u00f3n y Gesti\u00f3n Sanitaria<br \/>\nRecursos Humanos<br \/>\nViajes de Formaci\u00f3n \u2013 Study Visit<br \/>\nRecursos materiales<br \/>\nSistemas de informaci\u00f3n<br \/>\nInformatizaci\u00f3n<br \/>\nFormulaci\u00f3n Pliegos de Licitaci\u00f3n<\/td>\n<\/tr>\n<tr>\n<td rowspan=\"5\" width=\"104\">Bolivia<\/td>\n<td rowspan=\"3\" width=\"98\">BID<\/td>\n<td width=\"233\">Dise\u00f1o de Establecimientos de Salud Modelo, seg\u00fan Piso Ecol\u00f3gico en el marco del Modelo de Salud Familiar Comunitario Intercultural (Nivel Nacional)<\/td>\n<td width=\"255\">Arquitectura Sanitaria<br \/>\nEquipamiento<br \/>\nLegislaci\u00f3n<br \/>\nInterculturalidad<br \/>\nFormulaci\u00f3n Pliegos de Licitaci\u00f3n<\/td>\n<\/tr>\n<tr>\n<td width=\"233\">Descentralizaci\u00f3n del Sistema de Seguridad Social (Nivel Nacional)<\/td>\n<td width=\"255\">Legislaci\u00f3n<br \/>\nMercados Regulados<br \/>\nEstructura Regulatoria<br \/>\nProcesos de Reforma de Sistemas Sanitarios<br \/>\nPol\u00edticas de salud<br \/>\nPlanificaci\u00f3n estrat\u00e9gica<br \/>\nPol\u00edticas de descentralizaci\u00f3n<br \/>\nExternalizaci\u00f3n de servicios<br \/>\nOrganizaci\u00f3n y Gesti\u00f3n Servicios de Salud<br \/>\nGerencia y Direcci\u00f3n de Hospitales y Centros de Salud<br \/>\nAcreditaci\u00f3n de Hospitales<br \/>\nEconom\u00eda de la salud<br \/>\nCalidad y evaluaci\u00f3n Servicios Sanitarios<\/td>\n<\/tr>\n<tr>\n<td width=\"233\">Estudio de la Normativa de la Calidad en la Prestaci\u00f3n de Servicios M\u00e9dicos (La Paz)<\/td>\n<td width=\"255\">Planificaci\u00f3n<br \/>\nEvaluaci\u00f3n y Mejora<br \/>\nAcreditaci\u00f3n<br \/>\nCertificaci\u00f3n<\/td>\n<\/tr>\n<tr>\n<td width=\"98\">Ministerio de Econom\u00eda Espa\u00f1ol<\/td>\n<td width=\"233\">Diagn\u00f3stico de Necesidades de Equipamiento de la Red Hospitalaria de Bolivia (Pando, Oruro, Beni, Chuquisaca, Tarija, Potos\u00ed, Santa Cruz, Cochabamba y La Paz)<\/td>\n<td width=\"255\">Mantenimiento<br \/>\nMedicamentos<br \/>\nGesti\u00f3n de Compras<br \/>\nGesti\u00f3n de Almacenes<br \/>\nFormulaci\u00f3n Pliegos de Licitaci\u00f3n<\/td>\n<\/tr>\n<tr>\n<td width=\"98\">Banco Mundial<\/td>\n<td width=\"233\">Dise\u00f1o de Normas, Est\u00e1ndares especiales y Especificaciones Funcionales para la construcci\u00f3n de Instalaciones para la Atenci\u00f3n Primaria de Salud (La Paz)<\/td>\n<td width=\"255\">Arquitectura Sanitaria<br \/>\nIngenier\u00eda Sanitaria<br \/>\nLegislaci\u00f3n<br \/>\nPlanes Directores<\/td>\n<\/tr>\n<tr>\n<td width=\"104\">Paraguay<\/td>\n<td width=\"98\">Banco Mundial<\/td>\n<td width=\"233\">Elaboraci\u00f3n de Planes Directores y Dise\u00f1os de Arquitectura e Ingenier\u00eda de los Hospitales Regionales en el marco del proyecto Salud Materna y Desarrollo Integral del Ni\u00f1o.(Nivel Nacional)<\/td>\n<td width=\"255\">Arquitectura Sanitaria<br \/>\nIngenier\u00eda Sanitaria<br \/>\nPlanificaci\u00f3n Sanitaria<br \/>\nCobertura de Servicios de Salud<br \/>\nFormulaci\u00f3n Pliegos de Licitaci\u00f3n<\/td>\n<\/tr>\n<tr>\n<td rowspan=\"2\" width=\"104\">Argentina<\/td>\n<td width=\"98\">Uni\u00f3n Europea<\/td>\n<td width=\"233\">Misi\u00f3n de Apoyo a la Formulaci\u00f3n del Plan Operativo Global (POG) y Plan Operativo Anual 1 (POA1) del Proyecto de Fortalecimiento de la estrategia de Atenci\u00f3n Primaria de Salud (Catamarca, Corrientes, Chaco, Jujuy, Misiones, Santiago del Estero y Tucum\u00e1n)<\/td>\n<td width=\"255\">Ciclo del Proyecto<br \/>\nProgramaci\u00f3n Operativa<\/td>\n<\/tr>\n<tr>\n<td width=\"98\">Banco Mundial<\/td>\n<td width=\"233\">Organizaci\u00f3n y Gesti\u00f3n Institucional de los Hospitales Isidoro Iriarte de la localidad de Quilmes y Petrona V. de Cordero de la localidad de San Fernando, ambos en la provincia de Buenos Aires (Quilmes y San Fernando)<\/td>\n<td width=\"255\">Planificaci\u00f3n Sanitaria<br \/>\nOrganizaci\u00f3n y Gesti\u00f3n Sanitaria<br \/>\nRecursos Humanos<br \/>\nViajes de Formaci\u00f3n \u2013 Study Visit<br \/>\nRecursos materiales<br \/>\nGesti\u00f3n de calidad<br \/>\nEconom\u00eda de la salud:<\/td>\n<\/tr>\n<\/tbody>\n<\/table>\n<p>&nbsp;<\/p>\n<p><!-- [if gte mso 10]>\n<mce:style><!   \/* Style Definitions *\/  table.MsoNormalTable \t{mso-style-name:\"Tabla normal\"; \tmso-tstyle-rowband-size:0; \tmso-tstyle-colband-size:0; \tmso-style-noshow:yes; \tmso-style-priority:99; \tmso-style-qformat:yes; \tmso-style-parent:\"\"; \tmso-padding-alt:0cm 5.4pt 0cm 5.4pt; \tmso-para-margin:0cm; \tmso-para-margin-bottom:.0001pt; \tmso-pagination:widow-orphan; \tfont-size:11.0pt; \tfont-family:\"Calibri\",\"sans-serif\"; \tmso-ascii-font-family:Calibri; \tmso-ascii-theme-font:minor-latin; \tmso-fareast-font-family:\"Times New Roman\"; \tmso-fareast-theme-font:minor-fareast; \tmso-hansi-font-family:Calibri; \tmso-hansi-theme-font:minor-latin; \tmso-bidi-font-family:\"Times New Roman\"; \tmso-bidi-theme-font:minor-bidi;}  >\n\n<! [endif] ><strong>M\u00e9xico. <\/strong>Encuestas de Vigilancia de Comportamiento en VIH\/SIDA, Acceso a Servicios de Salud, Estigma y Discriminaci\u00f3n de Hombres que tienen Sexo con Hombres, en colaboraci\u00f3n con GEA Investigaci\u00f3n (Espa\u00f1a) y Millward Brown (M\u00e9xico). Financiado por Banco Mundial.\n\n<strong>Bolivia.<\/strong> Descentralizaci\u00f3n del Sistema de Seguridad Social. Financiado por BID.\n\n<strong> <\/strong>\n\n<strong>Bolivia.<\/strong> Estudio de la Normativa de la Calidad en la Prestaci\u00f3n de Servicios M\u00e9dicos. Financiado por BID.\n\n<strong>Bolivia. <\/strong>Consultor\u00eda para el Diagn\u00f3stico de Necesidades de Equipamiento de la Red Hospitalaria de Bolivia, en colaboraci\u00f3n con DMAS Consultora (Espa\u00f1a). Financiado por Ministerio de Econom\u00eda de Espa\u00f1a.\n\n<strong>Filipinas.<\/strong> Propuesta de financiaci\u00f3n para la creaci\u00f3n de un Centro Nacional de Referencia Oftalmol\u00f3gica, Hospital General de Filipinas. Financiado por AECI\n\n<strong>Venezuela. <\/strong>Apoyo al Sector Hospitalario de Caracas: Hospital de Ni\u00f1os J.M. de los R\u00edos, Hospital Ortop\u00e9dico Infantil y Banco Municipal de Sangre de Venezuela, en colaboraci\u00f3n con el Hospital Universitario La Paz (Espa\u00f1a) y el Institute of Public Administration (Irlanda). Financiado por Uni\u00f3n Europea.\n\n<strong>Bolivia<\/strong>. Consultor\u00eda para Dise\u00f1o de Normas, Est\u00e1ndares especiales y Especificaciones Funcionales para la construcci\u00f3n de Instalaciones para la Atenci\u00f3n Primaria de Salud en Bolivia. Financiado por Banco Mundial.<strong> <\/strong>< >< >< >< >< ><--><\/p>\n","protected":false},"excerpt":{"rendered":"<p>Pa\u00eds Financiador T\u00edtulo Sectores\/Especialidades Venezuela Uni\u00f3n Europea Apoyo al Sector Hospitalario de Caracas: Hospital de Ni\u00f1os J.M. de los R\u00edos, Hospital Ortop\u00e9dico Infantil y Banco Municipal de Sangre de Venezuela (Caracas) Planificaci\u00f3n Sanitaria Organizaci\u00f3n y Gesti\u00f3n Sanitaria Recursos Humanos Viajes de Formaci\u00f3n \u2013 Study Visit Recursos materiales Sistemas de informaci\u00f3n Informatizaci\u00f3n Formulaci\u00f3n Pliegos de Licitaci\u00f3n [&hellip;]<\/p>\n","protected":false},"author":1,"featured_media":0,"parent":152,"menu_order":1,"comment_status":"closed","ping_status":"closed","template":"","meta":[],"_links":{"self":[{"href":"https:\/\/www.gcisalud.com\/index.php\/wp-json\/wp\/v2\/pages\/55"}],"collection":[{"href":"https:\/\/www.gcisalud.com\/index.php\/wp-json\/wp\/v2\/pages"}],"about":[{"href":"https:\/\/www.gcisalud.com\/index.php\/wp-json\/wp\/v2\/types\/page"}],"author":[{"embeddable":true,"href":"https:\/\/www.gcisalud.com\/index.php\/wp-json\/wp\/v2\/users\/1"}],"replies":[{"embeddable":true,"href":"https:\/\/www.gcisalud.com\/index.php\/wp-json\/wp\/v2\/comments?post=55"}],"version-history":[{"count":16,"href":"https:\/\/www.gcisalud.com\/index.php\/wp-json\/wp\/v2\/pages\/55\/revisions"}],"predecessor-version":[{"id":232,"href":"https:\/\/www.gcisalud.com\/index.php\/wp-json\/wp\/v2\/pages\/55\/revisions\/232"}],"up":[{"embeddable":true,"href":"https:\/\/www.gcisalud.com\/index.php\/wp-json\/wp\/v2\/pages\/152"}],"wp:attachment":[{"href":"https:\/\/www.gcisalud.com\/index.php\/wp-json\/wp\/v2\/media?parent=55"}],"curies":[{"name":"wp","href":"https:\/\/api.w.org\/{rel}","templated":true}]}}