{"id":58,"date":"2010-04-28T16:44:13","date_gmt":"2010-04-28T14:44:13","guid":{"rendered":"http:\/\/www.gcisalud.com\/?page_id=58"},"modified":"2014-09-17T14:15:46","modified_gmt":"2014-09-17T12:15:46","slug":"europa","status":"publish","type":"page","link":"https:\/\/www.gcisalud.com\/index.php\/servicios-y-areas-de-trabajo\/consultoria\/europa\/","title":{"rendered":"Europa"},"content":{"rendered":"<table width=\"100%\" class=\"table_paises\">\n<tbody>\n<tr>\n<td width=\"102\"><strong>Pa\u00eds<\/strong><\/td>\n<td width=\"98\"><strong>Financiador<\/strong><\/td>\n<td width=\"244\"><strong>T\u00edtulo<\/strong><\/td>\n<td width=\"255\"><strong>Sectores\/Especialidades<\/strong><\/td>\n<\/tr>\n<tr>\n<td width=\"102\">Macedonia<\/td>\n<td width=\"98\">Banco Mundial<\/td>\n<td width=\"244\">Fortalecimiento de la Gesti\u00f3n Hospitalaria (Skopje)<\/td>\n<td width=\"255\">Fortalecimiento<br \/>\nFormaci\u00f3n<br \/>\nGesti\u00f3n Hospitalaria<br \/>\nLegislaci\u00f3n<br \/>\nProvisi\u00f3n de Servicios de Salud<br \/>\nEconom\u00eda de la Salud<\/td>\n<\/tr>\n<tr>\n<td rowspan=\"4\" width=\"102\">Bulgaria<\/td>\n<td rowspan=\"2\" width=\"98\">AECID<\/td>\n<td width=\"244\">Formaci\u00f3n en Gesti\u00f3n Hospitalaria del personal directivo del hospital de Santa Ana (Sof\u00eda y Espa\u00f1a-Madrid)<\/td>\n<td width=\"255\">Formaci\u00f3nDiagn\u00f3stico de Situaci\u00f3n<br \/>\nGesti\u00f3n Hospitalaria<br \/>\nViajes de Formaci\u00f3n \u2013 Study Visit<\/td>\n<\/tr>\n<tr>\n<td width=\"244\">Formaci\u00f3n en Gesti\u00f3n Hospitalaria de los directivos y cargos intermedios del Ministerio de Sanidad y Plan de Comunicaci\u00f3n interna y externa de la Reforma del Sector Salud en Bulgaria (Sof\u00eda y Espa\u00f1a-Madrid-Granada)<\/td>\n<td width=\"255\">Toma de DecisionesT\u00e9cnicas de gesti\u00f3n<br \/>\nFormaci\u00f3n Funcionarios<br \/>\nPol\u00edticas Sanitarias y Organizaci\u00f3n<br \/>\nGesti\u00f3n Hospitalaria<br \/>\nEconom\u00eda de la Salud<br \/>\nSistemas de Informaci\u00f3n<br \/>\nPlan de Comunicaci\u00f3n<br \/>\nProceso de descentralizaci\u00f3n<br \/>\nEnfermer\u00eda<\/td>\n<\/tr>\n<tr>\n<td width=\"98\">Banco Mundial<\/td>\n<td width=\"244\">Programa de Formaci\u00f3n de Formadores para gerentes y administradores de hospitales (Sof\u00eda)<\/td>\n<td width=\"255\">Formaci\u00f3n de FormadoresEstrategias y Planes de Formaci\u00f3n<br \/>\nGesti\u00f3n Hospitalaria<br \/>\nEvaluaci\u00f3n de Procesos<br \/>\nEdici\u00f3n de Libros<\/td>\n<\/tr>\n<tr>\n<td width=\"98\">Uni\u00f3n Europea<\/td>\n<td width=\"244\">Formaci\u00f3n del STAFF directivo involucrado en el proceso de Descentralizaci\u00f3n del Sistema Sanitario en Bulgaria (Bulgaria-Sof\u00eda, Espa\u00f1a-Madrid-Granada, Portugal-Lisboa, Suecia-Estocolmo e Irlanda-Dubl\u00edn)<\/td>\n<td width=\"255\">Pol\u00edtica SanitariaT\u00e9cnicas de Negociaci\u00f3n<br \/>\nFunci\u00f3n Directiva y Management<br \/>\nArquitectura Sanitaria<br \/>\nIngenier\u00eda Sanitaria<br \/>\nPlanificaci\u00f3n Sanitaria<br \/>\nOrganizaci\u00f3n y Gesti\u00f3n Sanitaria.<br \/>\nGesti\u00f3n de Recursos Humanos<br \/>\n\u00c9tica y Legislaci\u00f3n<br \/>\nViajes de Formaci\u00f3n \u2013 Study Visit<br \/>\nGesti\u00f3n de calidad<br \/>\nSistemas de informaci\u00f3n<br \/>\nInformatizaci\u00f3n<br \/>\nEconom\u00eda de la salud<br \/>\nMarketing interno y externo<\/td>\n<\/tr>\n<tr>\n<td width=\"102\">Hungr\u00eda<\/td>\n<td width=\"98\">Uni\u00f3n Europea<\/td>\n<td width=\"244\">Formaci\u00f3n de M\u00e9dicos Pediatras de Atenci\u00f3n Primaria (Budapest)<\/td>\n<td width=\"255\">Desarrollo Curricular<br \/>\nFormaci\u00f3n<br \/>\nViajes de Formaci\u00f3n \u2013 Study Visit<\/td>\n<\/tr>\n<\/tbody>\n<\/table>\n<p><strong>\u00a0<\/strong><\/p>\n<p style=\"text-align: justify;\">\n","protected":false},"excerpt":{"rendered":"<p>Pa\u00eds Financiador T\u00edtulo Sectores\/Especialidades Macedonia Banco Mundial Fortalecimiento de la Gesti\u00f3n Hospitalaria (Skopje) Fortalecimiento Formaci\u00f3n Gesti\u00f3n Hospitalaria Legislaci\u00f3n Provisi\u00f3n de Servicios de Salud Econom\u00eda de la Salud Bulgaria AECID Formaci\u00f3n en Gesti\u00f3n Hospitalaria del personal directivo del hospital de Santa Ana (Sof\u00eda y Espa\u00f1a-Madrid) Formaci\u00f3nDiagn\u00f3stico de Situaci\u00f3n Gesti\u00f3n Hospitalaria Viajes de Formaci\u00f3n \u2013 Study Visit [&hellip;]<\/p>\n","protected":false},"author":1,"featured_media":0,"parent":152,"menu_order":4,"comment_status":"closed","ping_status":"closed","template":"","meta":[],"_links":{"self":[{"href":"https:\/\/www.gcisalud.com\/index.php\/wp-json\/wp\/v2\/pages\/58"}],"collection":[{"href":"https:\/\/www.gcisalud.com\/index.php\/wp-json\/wp\/v2\/pages"}],"about":[{"href":"https:\/\/www.gcisalud.com\/index.php\/wp-json\/wp\/v2\/types\/page"}],"author":[{"embeddable":true,"href":"https:\/\/www.gcisalud.com\/index.php\/wp-json\/wp\/v2\/users\/1"}],"replies":[{"embeddable":true,"href":"https:\/\/www.gcisalud.com\/index.php\/wp-json\/wp\/v2\/comments?post=58"}],"version-history":[{"count":9,"href":"https:\/\/www.gcisalud.com\/index.php\/wp-json\/wp\/v2\/pages\/58\/revisions"}],"predecessor-version":[{"id":236,"href":"https:\/\/www.gcisalud.com\/index.php\/wp-json\/wp\/v2\/pages\/58\/revisions\/236"}],"up":[{"embeddable":true,"href":"https:\/\/www.gcisalud.com\/index.php\/wp-json\/wp\/v2\/pages\/152"}],"wp:attachment":[{"href":"https:\/\/www.gcisalud.com\/index.php\/wp-json\/wp\/v2\/media?parent=58"}],"curies":[{"name":"wp","href":"https:\/\/api.w.org\/{rel}","templated":true}]}}