{"id":75,"date":"2010-06-15T13:17:44","date_gmt":"2010-06-15T11:17:44","guid":{"rendered":"http:\/\/www.gcisalud.com\/?page_id=75"},"modified":"2014-09-17T14:14:45","modified_gmt":"2014-09-17T12:14:45","slug":"asia","status":"publish","type":"page","link":"https:\/\/www.gcisalud.com\/index.php\/servicios-y-areas-de-trabajo\/consultoria\/asia\/","title":{"rendered":"Asia"},"content":{"rendered":"<table width=\"100%\" class=\"table_paises\">\n<tbody>\n<tr>\n<td width=\"104\"><strong>Pa\u00eds<\/strong><\/td>\n<td width=\"98\"><strong>Financiador<\/strong><\/td>\n<td width=\"233\"><strong>T\u00edtulo<\/strong><\/td>\n<td width=\"246\"><strong>Sectores\/Especialidades<\/strong><\/td>\n<\/tr>\n<tr>\n<td width=\"104\">Vietnam<\/td>\n<td width=\"98\">Uni\u00f3n Europea<\/td>\n<td width=\"233\">Apoyo al Sistema Nacional de Informaci\u00f3n sobre Planificaci\u00f3n Econ\u00f3mica (Espa\u00f1a)<\/td>\n<td width=\"246\">Formaci\u00f3nViajes de Formaci\u00f3n \u2013 Study Visit<br \/>\nGesti\u00f3n de Recursos Humanos<br \/>\nOrganizaci\u00f3n<\/td>\n<\/tr>\n<tr>\n<td width=\"104\">Filipinas<\/td>\n<td width=\"98\">AECID<\/td>\n<td width=\"233\">Propuesta de financiaci\u00f3n para la creaci\u00f3n de un Centro Nacional de Referencia Oftalmol\u00f3gica, Hospital General de Filipinas (Manila)<\/td>\n<td width=\"246\">Planificaci\u00f3n SanitariaGesti\u00f3n de Recursos Humanos<br \/>\nGesti\u00f3n de Recursos Materiales<br \/>\nFormulaci\u00f3n de T\u00e9rminos de Referencia<br \/>\nFormulaci\u00f3n Pliegos de Licitaci\u00f3n<\/td>\n<\/tr>\n<\/tbody>\n<\/table>\n<p>&nbsp;<\/p>\n","protected":false},"excerpt":{"rendered":"<p>Pa\u00eds Financiador T\u00edtulo Sectores\/Especialidades Vietnam Uni\u00f3n Europea Apoyo al Sistema Nacional de Informaci\u00f3n sobre Planificaci\u00f3n Econ\u00f3mica (Espa\u00f1a) Formaci\u00f3nViajes de Formaci\u00f3n \u2013 Study Visit Gesti\u00f3n de Recursos Humanos Organizaci\u00f3n Filipinas AECID Propuesta de financiaci\u00f3n para la creaci\u00f3n de un Centro Nacional de Referencia Oftalmol\u00f3gica, Hospital General de Filipinas (Manila) Planificaci\u00f3n SanitariaGesti\u00f3n de Recursos Humanos Gesti\u00f3n de [&hellip;]<\/p>\n","protected":false},"author":1,"featured_media":0,"parent":152,"menu_order":3,"comment_status":"closed","ping_status":"closed","template":"","meta":[],"_links":{"self":[{"href":"https:\/\/www.gcisalud.com\/index.php\/wp-json\/wp\/v2\/pages\/75"}],"collection":[{"href":"https:\/\/www.gcisalud.com\/index.php\/wp-json\/wp\/v2\/pages"}],"about":[{"href":"https:\/\/www.gcisalud.com\/index.php\/wp-json\/wp\/v2\/types\/page"}],"author":[{"embeddable":true,"href":"https:\/\/www.gcisalud.com\/index.php\/wp-json\/wp\/v2\/users\/1"}],"replies":[{"embeddable":true,"href":"https:\/\/www.gcisalud.com\/index.php\/wp-json\/wp\/v2\/comments?post=75"}],"version-history":[{"count":8,"href":"https:\/\/www.gcisalud.com\/index.php\/wp-json\/wp\/v2\/pages\/75\/revisions"}],"predecessor-version":[{"id":235,"href":"https:\/\/www.gcisalud.com\/index.php\/wp-json\/wp\/v2\/pages\/75\/revisions\/235"}],"up":[{"embeddable":true,"href":"https:\/\/www.gcisalud.com\/index.php\/wp-json\/wp\/v2\/pages\/152"}],"wp:attachment":[{"href":"https:\/\/www.gcisalud.com\/index.php\/wp-json\/wp\/v2\/media?parent=75"}],"curies":[{"name":"wp","href":"https:\/\/api.w.org\/{rel}","templated":true}]}}